{"id":2743,"date":"2025-10-29T13:07:46","date_gmt":"2025-10-29T13:07:46","guid":{"rendered":"https:\/\/instrutec.com.ar\/web\/?post_type=product&#038;p=2743"},"modified":"2025-10-29T13:12:25","modified_gmt":"2025-10-29T13:12:25","slug":"interruptores-de-nivel-ultrasonico-de-punto-unico-2","status":"publish","type":"product","link":"https:\/\/instrutec.com.ar\/web\/product\/interruptores-de-nivel-ultrasonico-de-punto-unico-2\/","title":{"rendered":"INTERRUPTORES DE NIVEL ULTRASONICO DE PUNTO UNICO Y PUNTO DOBLE"},"content":{"rendered":"","protected":false},"excerpt":{"rendered":"<p><strong>MARCA: SOR<\/strong><\/p>\n<p><strong>MODELO: 2700<\/strong><\/p>\n<div>El interruptor de nivel ultras\u00f3nico de un solo punto SOR 2700 es una soluci\u00f3n rentable para la detecci\u00f3n de nivel en sus aplicaciones. Su mantenimiento preventivo es muy sencillo, ya que solo requiere una inspecci\u00f3n visual anual al ser un instrumento electr\u00f3nico sin partes m\u00f3viles. Un t\u00e9cnico con conocimientos b\u00e1sicos de electricidad (cableado) puede realizar el mantenimiento.<\/div>\n<div><\/div>\n<div>Todas las unidades incluyen de serie una funci\u00f3n de seguridad contra fallos seleccionable en campo, retardo de tiempo ajustable y funci\u00f3n de autodiagn\u00f3stico.<\/div>\n<div><\/div>\n<ul>\n<li>Bajo costo<\/li>\n<li>No requiere calibraci\u00f3n<\/li>\n<li>Interfaz de usuario interactiva con LED que proporcionan informaci\u00f3n sobre el estado y la resoluci\u00f3n de problemas durante el funcionamiento y la soluci\u00f3n de problemas<\/li>\n<li>Compatible con sensores de tipo &#8220;U&#8221; (espacio vertical) y &#8220;N&#8221; (muesca horizontal)<\/li>\n<li>Sensor de acero inoxidable 316; tambi\u00e9n disponibles materiales especiales<\/li>\n<\/ul>\n<p><a href=\"https:\/\/instrutec.com.ar\/web\/wp-content\/uploads\/2025\/10\/Ultrasonic-Point-Level-Switches_CAT1145.pdf\" target=\"_blank\" rel=\"noopener\">Ver cat\u00e1logo<\/a><\/p>\n","protected":false},"featured_media":2744,"template":"","meta":[],"product_cat":[284,283],"product_tag":[],"class_list":{"0":"post-2743","1":"product","2":"type-product","3":"status-publish","4":"has-post-thumbnail","6":"product_cat-interruptores-nivel","7":"product_cat-nivel","8":"marca-sor","10":"first","11":"instock","12":"downloadable","13":"shipping-taxable","14":"product-type-simple"},"_links":{"self":[{"href":"https:\/\/instrutec.com.ar\/web\/wp-json\/wp\/v2\/product\/2743","targetHints":{"allow":["GET"]}}],"collection":[{"href":"https:\/\/instrutec.com.ar\/web\/wp-json\/wp\/v2\/product"}],"about":[{"href":"https:\/\/instrutec.com.ar\/web\/wp-json\/wp\/v2\/types\/product"}],"wp:featuredmedia":[{"embeddable":true,"href":"https:\/\/instrutec.com.ar\/web\/wp-json\/wp\/v2\/media\/2744"}],"wp:attachment":[{"href":"https:\/\/instrutec.com.ar\/web\/wp-json\/wp\/v2\/media?parent=2743"}],"wp:term":[{"taxonomy":"product_cat","embeddable":true,"href":"https:\/\/instrutec.com.ar\/web\/wp-json\/wp\/v2\/product_cat?post=2743"},{"taxonomy":"product_tag","embeddable":true,"href":"https:\/\/instrutec.com.ar\/web\/wp-json\/wp\/v2\/product_tag?post=2743"}],"curies":[{"name":"wp","href":"https:\/\/api.w.org\/{rel}","templated":true}]}}