{"id":2687,"date":"2025-10-15T14:23:09","date_gmt":"2025-10-15T14:23:09","guid":{"rendered":"https:\/\/instrutec.com.ar\/web\/?post_type=product&#038;p=2687"},"modified":"2025-10-15T14:24:31","modified_gmt":"2025-10-15T14:24:31","slug":"transmisor-de-humedad-hygropro-xp","status":"publish","type":"product","link":"https:\/\/instrutec.com.ar\/web\/product\/transmisor-de-humedad-hygropro-xp\/","title":{"rendered":"TRANSMISOR DE HUMEDAD HYGROPRO XP"},"content":{"rendered":"","protected":false},"excerpt":{"rendered":"<p><strong>MARCA: PANAMETRIC<\/strong><\/p>\n<p><strong>MODELO: HYGROPRO XP<\/strong><\/p>\n<p>HygroPro XP es la \u00faltima incorporaci\u00f3n a la cartera de analizadores y transmisores de humedad de Panametrics, l\u00edderes en el mercado.<\/p>\n<p>El HygroPro XP est\u00e1 dise\u00f1ado para satisfacer las exigentes necesidades de medici\u00f3n de humedad en aplicaciones industriales y de petr\u00f3leo y gas exigentes, tanto en fase l\u00edquida como de vapor.<\/p>\n<p><a href=\"https:\/\/instrutec.com.ar\/web\/wp-content\/uploads\/2025\/10\/BHCS38682-Panametrics-HygroPro-Datasheet_R17.pdf\" target=\"_blank\" rel=\"noopener\">Ver cat\u00e1logo<\/a><\/p>\n","protected":false},"featured_media":2688,"template":"","meta":[],"product_cat":[260,259],"product_tag":[],"class_list":{"0":"post-2687","1":"product","2":"type-product","3":"status-publish","4":"has-post-thumbnail","6":"product_cat-analizadores-de-humedad-con-celdas-de-oxido-de-aluminio","7":"product_cat-humedad","8":"marca-panametrics","10":"first","11":"instock","12":"featured","13":"downloadable","14":"shipping-taxable","15":"product-type-simple"},"_links":{"self":[{"href":"https:\/\/instrutec.com.ar\/web\/wp-json\/wp\/v2\/product\/2687","targetHints":{"allow":["GET"]}}],"collection":[{"href":"https:\/\/instrutec.com.ar\/web\/wp-json\/wp\/v2\/product"}],"about":[{"href":"https:\/\/instrutec.com.ar\/web\/wp-json\/wp\/v2\/types\/product"}],"wp:featuredmedia":[{"embeddable":true,"href":"https:\/\/instrutec.com.ar\/web\/wp-json\/wp\/v2\/media\/2688"}],"wp:attachment":[{"href":"https:\/\/instrutec.com.ar\/web\/wp-json\/wp\/v2\/media?parent=2687"}],"wp:term":[{"taxonomy":"product_cat","embeddable":true,"href":"https:\/\/instrutec.com.ar\/web\/wp-json\/wp\/v2\/product_cat?post=2687"},{"taxonomy":"product_tag","embeddable":true,"href":"https:\/\/instrutec.com.ar\/web\/wp-json\/wp\/v2\/product_tag?post=2687"}],"curies":[{"name":"wp","href":"https:\/\/api.w.org\/{rel}","templated":true}]}}