{"id":2673,"date":"2025-10-15T12:54:34","date_gmt":"2025-10-15T12:54:34","guid":{"rendered":"https:\/\/instrutec.com.ar\/web\/?post_type=product&#038;p=2673"},"modified":"2025-10-15T12:55:55","modified_gmt":"2025-10-15T12:55:55","slug":"aurora-transport","status":"publish","type":"product","link":"https:\/\/instrutec.com.ar\/web\/product\/aurora-transport\/","title":{"rendered":"AURORA TRANSPORT"},"content":{"rendered":"","protected":false},"excerpt":{"rendered":"<p><strong>MARCA: PANAMETRICS<\/strong><\/p>\n<p><strong>MODELO: AURORA TransPort<\/strong><\/p>\n<p>El analizador TDLAS industrial port\u00e1til, Panametrics Aurora TransPort, ofrece fiabilidad y precisi\u00f3n en cualquier lugar. Este analizador de humedad port\u00e1til responde r\u00e1pidamente a los cambios en el contenido de humedad de la mayor\u00eda de los gases. La unidad se entrega en un malet\u00edn robusto y port\u00e1til con asa telesc\u00f3pica y ruedas.<\/p>\n<p><a href=\"https:\/\/instrutec.com.ar\/web\/wp-content\/uploads\/2025\/10\/Aurora-TransPort-Moisture-Analyzer_CS.pdf\" target=\"_blank\" rel=\"noopener\">Ver cat\u00e1logo<\/a><\/p>\n","protected":false},"featured_media":2675,"template":"","meta":[],"product_cat":[261],"product_tag":[],"class_list":{"0":"post-2673","1":"product","2":"type-product","3":"status-publish","4":"has-post-thumbnail","6":"product_cat-analizadores-con-tecnologia-laser","7":"marca-panametrics","9":"first","10":"instock","11":"downloadable","12":"shipping-taxable","13":"product-type-simple"},"_links":{"self":[{"href":"https:\/\/instrutec.com.ar\/web\/wp-json\/wp\/v2\/product\/2673","targetHints":{"allow":["GET"]}}],"collection":[{"href":"https:\/\/instrutec.com.ar\/web\/wp-json\/wp\/v2\/product"}],"about":[{"href":"https:\/\/instrutec.com.ar\/web\/wp-json\/wp\/v2\/types\/product"}],"wp:featuredmedia":[{"embeddable":true,"href":"https:\/\/instrutec.com.ar\/web\/wp-json\/wp\/v2\/media\/2675"}],"wp:attachment":[{"href":"https:\/\/instrutec.com.ar\/web\/wp-json\/wp\/v2\/media?parent=2673"}],"wp:term":[{"taxonomy":"product_cat","embeddable":true,"href":"https:\/\/instrutec.com.ar\/web\/wp-json\/wp\/v2\/product_cat?post=2673"},{"taxonomy":"product_tag","embeddable":true,"href":"https:\/\/instrutec.com.ar\/web\/wp-json\/wp\/v2\/product_tag?post=2673"}],"curies":[{"name":"wp","href":"https:\/\/api.w.org\/{rel}","templated":true}]}}