{"id":2648,"date":"2025-10-08T12:52:22","date_gmt":"2025-10-08T12:52:22","guid":{"rendered":"https:\/\/instrutec.com.ar\/web\/?post_type=product&#038;p=2648"},"modified":"2025-10-08T12:55:04","modified_gmt":"2025-10-08T12:55:04","slug":"caudalimetro-tipo-turbina-para-crecida","status":"publish","type":"product","link":"https:\/\/instrutec.com.ar\/web\/product\/caudalimetro-tipo-turbina-para-crecida\/","title":{"rendered":"CAUDAL\u00cdMETRO TIPO TURBINA PARA CRECIDA"},"content":{"rendered":"","protected":false},"excerpt":{"rendered":"<h4>MARCA: BLANCETT \u2013 BADGER METER<\/h4>\n<h4>MODELO: B900<\/h4>\n<p>Los medidores de caudal de desplazamiento positivo Blancett Serie 900 est\u00e1n dise\u00f1ados espec\u00edficamente para la medici\u00f3n del caudal de l\u00edneas de inundaci\u00f3n en operaciones de recuperaci\u00f3n secundaria de petr\u00f3leo. Mediante un mecanismo de paletas rotativas de eficacia probada, los medidores de caudal Serie 900 proporcionan una medici\u00f3n y totalizaci\u00f3n fiables a largo plazo con m\u00ednima atenci\u00f3n y mantenimiento.<\/p>\n<div class=\"spec-table__table-item-key\">\n<div class=\"spec-table__table-item-key\"><\/div>\n<\/div>\n<div>\n<div class=\"spec-table__table-item-key\">\n<div class=\"spec-table__table-item-key\">\n<div class=\"spec-table__table-item-key\">\n<ul class=\"spec-table__table\">\n<li class=\"spec-table__table-item\">\n<div class=\"spec-table__table-item-key\">\n<div>Rango de Tama\u00f1o: <span style=\"font-size: 15.008px\">25&#8230;50 mm<\/span><\/div>\n<\/div>\n<\/li>\n<li class=\"spec-table__table-item\">\n<div class=\"spec-table__table-item-key\">\n<div>Rango de temperatura: <span style=\"font-size: 15.008px\">-1\u202693\u00b0 C<\/span><\/div>\n<\/div>\n<\/li>\n<li class=\"spec-table__table-item\">\n<div class=\"spec-table__table-item-key\">\n<div>Rango de flujo: <span style=\"font-size: 15.008px\">7.5\u2026340.7 l\/min<\/span><\/div>\n<\/div>\n<\/li>\n<li class=\"spec-table__table-item\">\n<div class=\"spec-table__table-item-key\">\n<div>Precisi\u00f3n: <span style=\"font-size: 15.008px\">\u00b12%<\/span><\/div>\n<\/div>\n<\/li>\n<\/ul>\n<\/div>\n<\/div>\n<\/div>\n<\/div>\n<h4><a href=\"https:\/\/instrutec.com.ar\/web\/wp-content\/uploads\/2025\/10\/PDM-DS-01130-EN-Blancett-Positive-Displacement-Flow-Meter-B1750-Product-Data-Sheet.pdf\">Ver cat\u00e1logo<\/a><\/h4>\n","protected":false},"featured_media":2650,"template":"","meta":[],"product_cat":[245,385,387],"product_tag":[],"class_list":{"0":"post-2648","1":"product","2":"type-product","3":"status-publish","4":"has-post-thumbnail","6":"product_cat-caudal","7":"product_cat-caudalimetros-mecanicos","8":"product_cat-tipo-turbina","9":"marca-badger-meter","10":"marca-blancett","12":"first","13":"instock","14":"shipping-taxable","15":"product-type-simple"},"_links":{"self":[{"href":"https:\/\/instrutec.com.ar\/web\/wp-json\/wp\/v2\/product\/2648","targetHints":{"allow":["GET"]}}],"collection":[{"href":"https:\/\/instrutec.com.ar\/web\/wp-json\/wp\/v2\/product"}],"about":[{"href":"https:\/\/instrutec.com.ar\/web\/wp-json\/wp\/v2\/types\/product"}],"wp:featuredmedia":[{"embeddable":true,"href":"https:\/\/instrutec.com.ar\/web\/wp-json\/wp\/v2\/media\/2650"}],"wp:attachment":[{"href":"https:\/\/instrutec.com.ar\/web\/wp-json\/wp\/v2\/media?parent=2648"}],"wp:term":[{"taxonomy":"product_cat","embeddable":true,"href":"https:\/\/instrutec.com.ar\/web\/wp-json\/wp\/v2\/product_cat?post=2648"},{"taxonomy":"product_tag","embeddable":true,"href":"https:\/\/instrutec.com.ar\/web\/wp-json\/wp\/v2\/product_tag?post=2648"}],"curies":[{"name":"wp","href":"https:\/\/api.w.org\/{rel}","templated":true}]}}