{"id":2645,"date":"2025-10-08T12:23:44","date_gmt":"2025-10-08T12:23:44","guid":{"rendered":"https:\/\/instrutec.com.ar\/web\/?post_type=product&#038;p=2645"},"modified":"2025-10-08T12:27:16","modified_gmt":"2025-10-08T12:27:16","slug":"caudalimetro-de-desplazamiento-positivo","status":"publish","type":"product","link":"https:\/\/instrutec.com.ar\/web\/product\/caudalimetro-de-desplazamiento-positivo\/","title":{"rendered":"CAUDAL\u00cdMETRO DE DESPLAZAMIENTO POSITIVO"},"content":{"rendered":"","protected":false},"excerpt":{"rendered":"<h4>MARCA: BLANCETT \u2013 BADGER METER<\/h4>\n<h4>MODELO: B1750<\/h4>\n<p>El medidor de caudal de desplazamiento positivo Blancett modelo B1750 ofrece alta precisi\u00f3n de medici\u00f3n, funcionamiento sin problemas y una larga vida \u00fatil para fluidos en un amplio rango de viscosidad. Sus aplicaciones incluyen lubricantes, combustibles, productos qu\u00edmicos, disolventes, aceites y grasas. El medidor B1750 es bidireccional (utiliza electr\u00f3nica adecuada) y presenta una relaci\u00f3n de reducci\u00f3n extremadamente alta, de hasta 400:1 en algunos modelos, con total precisi\u00f3n incluso con caudales extremadamente bajos.<\/p>\n<div class=\"spec-table__table-item-key\">\n<ul class=\"spec-table__table\">\n<li class=\"spec-table__table-item\">\n<div class=\"spec-table__table-item-key\">\n<div>Rango de Tama\u00f1o: <span style=\"font-size: 15.008px\">6 &#8211; 32 mm<\/span><\/div>\n<\/div>\n<\/li>\n<li class=\"spec-table__table-item\">\n<div class=\"spec-table__table-item-key\">\n<div>Rango de temperatura: <span style=\"font-size: 15.008px\">-29 &#8211; 204\u00b0C<\/span><\/div>\n<\/div>\n<\/li>\n<li class=\"spec-table__table-item\">\n<div class=\"spec-table__table-item-key\">\n<div>Rango de flujo: <span style=\"font-size: 15.008px\">0,011 &#8211; 454 l\/min<\/span><\/div>\n<\/div>\n<\/li>\n<li class=\"spec-table__table-item\">\n<div class=\"spec-table__table-item-key\">\n<div>Rango de presi\u00f3n: <span style=\"font-size: 15.008px\">Hasta 344 bar<\/span><\/div>\n<\/div>\n<\/li>\n<\/ul>\n<\/div>\n<div>\n<div class=\"spec-table__table-item-key\">\n<div class=\"spec-table__table-item-key\">\n<div class=\"spec-table__table-item-key\"><\/div>\n<\/div>\n<\/div>\n<\/div>\n<h4><a href=\"https:\/\/instrutec.com.ar\/web\/wp-content\/uploads\/2025\/10\/PDM-DS-01130-EN-Blancett-Positive-Displacement-Flow-Meter-B1750-Product-Data-Sheet.pdf\">Ver cat\u00e1logo<\/a><\/h4>\n","protected":false},"featured_media":2646,"template":"","meta":[],"product_cat":[245,385,391,390],"product_tag":[],"class_list":{"0":"post-2645","1":"product","2":"type-product","3":"status-publish","4":"has-post-thumbnail","6":"product_cat-caudal","7":"product_cat-caudalimetros-mecanicos","8":"product_cat-desplazamiento-positivo","9":"product_cat-transmisores","10":"marca-badger-meter","11":"marca-blancett","13":"first","14":"instock","15":"shipping-taxable","16":"product-type-simple"},"_links":{"self":[{"href":"https:\/\/instrutec.com.ar\/web\/wp-json\/wp\/v2\/product\/2645","targetHints":{"allow":["GET"]}}],"collection":[{"href":"https:\/\/instrutec.com.ar\/web\/wp-json\/wp\/v2\/product"}],"about":[{"href":"https:\/\/instrutec.com.ar\/web\/wp-json\/wp\/v2\/types\/product"}],"wp:featuredmedia":[{"embeddable":true,"href":"https:\/\/instrutec.com.ar\/web\/wp-json\/wp\/v2\/media\/2646"}],"wp:attachment":[{"href":"https:\/\/instrutec.com.ar\/web\/wp-json\/wp\/v2\/media?parent=2645"}],"wp:term":[{"taxonomy":"product_cat","embeddable":true,"href":"https:\/\/instrutec.com.ar\/web\/wp-json\/wp\/v2\/product_cat?post=2645"},{"taxonomy":"product_tag","embeddable":true,"href":"https:\/\/instrutec.com.ar\/web\/wp-json\/wp\/v2\/product_tag?post=2645"}],"curies":[{"name":"wp","href":"https:\/\/api.w.org\/{rel}","templated":true}]}}