{"id":2642,"date":"2025-10-08T12:21:05","date_gmt":"2025-10-08T12:21:05","guid":{"rendered":"https:\/\/instrutec.com.ar\/web\/?post_type=product&#038;p=2642"},"modified":"2025-10-08T12:22:47","modified_gmt":"2025-10-08T12:22:47","slug":"monitor-de-caudal-3","status":"publish","type":"product","link":"https:\/\/instrutec.com.ar\/web\/product\/monitor-de-caudal-3\/","title":{"rendered":"Monitor de caudal"},"content":{"rendered":"","protected":false},"excerpt":{"rendered":"<h4>MARCA: BLANCETT \u2013 BADGER METER<\/h4>\n<h4>MODELO: B3100<\/h4>\n<p>El monitor de flujo de la Serie B3100 es una plataforma flexible, duradera y f\u00e1cil de usar para sus aplicaciones de medici\u00f3n de caudal. Nuestra tecnolog\u00eda confiable de medici\u00f3n de caudal ahora ofrece un nuevo monitor de flujo con m\u00e1s opciones y caracter\u00edsticas que nunca antes con la Serie B3100. A prueba de explosiones seg\u00fan ATEX, IECEx, FM y CSA c-us<\/p>\n<div class=\"spec-table__table-item-key\"><\/div>\n<div>\n<div class=\"spec-table__table-item-key\">\n<div class=\"spec-table__table-item-key\">\n<ul class=\"spec-table__table\">\n<li class=\"spec-table__table-item\">\n<div class=\"spec-table__table-item-key\">\n<div>Rango de temperatura: <span style=\"font-size: 15.008px\">-40 &#8211; 70\u00b0C<\/span><\/div>\n<\/div>\n<\/li>\n<li class=\"spec-table__table-item\">\n<div class=\"spec-table__table-item-key\">\n<div>Fuente de alimentaci\u00f3n: <span style=\"font-size: 15.008px\">9 &#8211; 27 V DC<\/span><\/div>\n<\/div>\n<\/li>\n<li class=\"spec-table__table-item\">\n<div class=\"spec-table__table-item-key\">\n<div>Pantalla: <span style=\"font-size: 15.008px\">65 x 45 mm<\/span><\/div>\n<\/div>\n<\/li>\n<\/ul>\n<\/div>\n<\/div>\n<\/div>\n<h4><a href=\"https:\/\/instrutec.com.ar\/web\/wp-content\/uploads\/2025\/10\/DSY-DS-03026-ES-SPANISH-B3100-Flow-Computer-Data-Sheet.pdf\">Ver cat\u00e1logo<\/a><\/h4>\n","protected":false},"featured_media":2643,"template":"","meta":[],"product_cat":[245,385,387,390],"product_tag":[],"class_list":{"0":"post-2642","1":"product","2":"type-product","3":"status-publish","4":"has-post-thumbnail","6":"product_cat-caudal","7":"product_cat-caudalimetros-mecanicos","8":"product_cat-tipo-turbina","9":"product_cat-transmisores","10":"marca-badger-meter","11":"marca-blancett","13":"first","14":"instock","15":"shipping-taxable","16":"product-type-simple"},"_links":{"self":[{"href":"https:\/\/instrutec.com.ar\/web\/wp-json\/wp\/v2\/product\/2642","targetHints":{"allow":["GET"]}}],"collection":[{"href":"https:\/\/instrutec.com.ar\/web\/wp-json\/wp\/v2\/product"}],"about":[{"href":"https:\/\/instrutec.com.ar\/web\/wp-json\/wp\/v2\/types\/product"}],"wp:featuredmedia":[{"embeddable":true,"href":"https:\/\/instrutec.com.ar\/web\/wp-json\/wp\/v2\/media\/2643"}],"wp:attachment":[{"href":"https:\/\/instrutec.com.ar\/web\/wp-json\/wp\/v2\/media?parent=2642"}],"wp:term":[{"taxonomy":"product_cat","embeddable":true,"href":"https:\/\/instrutec.com.ar\/web\/wp-json\/wp\/v2\/product_cat?post=2642"},{"taxonomy":"product_tag","embeddable":true,"href":"https:\/\/instrutec.com.ar\/web\/wp-json\/wp\/v2\/product_tag?post=2642"}],"curies":[{"name":"wp","href":"https:\/\/api.w.org\/{rel}","templated":true}]}}