{"id":2629,"date":"2025-10-07T17:54:30","date_gmt":"2025-10-07T17:54:30","guid":{"rendered":"https:\/\/instrutec.com.ar\/web\/?post_type=product&#038;p=2629"},"modified":"2025-10-07T17:54:30","modified_gmt":"2025-10-07T17:54:30","slug":"caudalimetro-tipo-turbino-liquidos-altamente-corrosivos","status":"publish","type":"product","link":"https:\/\/instrutec.com.ar\/web\/product\/caudalimetro-tipo-turbino-liquidos-altamente-corrosivos\/","title":{"rendered":"CAUDAL\u00cdMETRO TIPO TURBINO &#8211; L\u00cdQUIDOS ALTAMENTE CORROSIVOS"},"content":{"rendered":"","protected":false},"excerpt":{"rendered":"<h4>MARCA: BLANCETT \u2013 BADGER METER<\/h4>\n<h4>MODELO: FloClean 1200<\/h4>\n<p>El medidor de flujo tipo turbina sanitaria FloClean de Blancett<sup>\u00ae<\/sup>\u00a0aporta la gran exactitud y el fant\u00e1stico dise\u00f1o riguroso de la turbina Blancett est\u00e1ndar, en una configuraci\u00f3n de estilo sanitario con tres abrazaderas de montaje.<\/p>\n<div class=\"spec-table__table-item-key\">\n<ul class=\"spec-table__table\">\n<li class=\"spec-table__table-item\">\n<div class=\"spec-table__table-item-key\">\n<div>Rango de Tama\u00f1o: <span style=\"font-size: 15.008px\">6&#8230;19 mm<\/span><\/div>\n<\/div>\n<\/li>\n<li class=\"spec-table__table-item\">\n<div class=\"spec-table__table-item-key\">\n<div>Rango de temperatura: <span style=\"font-size: 15.008px\">-51&#8230;171\u00b0 C<\/span><\/div>\n<\/div>\n<\/li>\n<li class=\"spec-table__table-item\">\n<div class=\"spec-table__table-item-key\">\n<div>Rango de flujo: <span style=\"font-size: 15.008px\">0.57\u202694.64 lpm<\/span><\/div>\n<\/div>\n<\/li>\n<li class=\"spec-table__table-item\">\n<div class=\"spec-table__table-item-key\">\n<div>Rango de presi\u00f3n: <span style=\"font-size: 15.008px\">Up to 275 bar<\/span><\/div>\n<\/div>\n<\/li>\n<\/ul>\n<\/div>\n<div>\n<div class=\"spec-table__table-item-key\"><\/div>\n<\/div>\n<h4><a href=\"https:\/\/instrutec.com.ar\/web\/wp-content\/uploads\/2025\/10\/TRB-DS-02785-EN-Blancett-Model-1200-Turbine-Flow-Meter-Data-Sheet.pdf\">Ver cat\u00e1logo<\/a><\/h4>\n","protected":false},"featured_media":2631,"template":"","meta":[],"product_cat":[245,385,387],"product_tag":[],"class_list":{"0":"post-2629","1":"product","2":"type-product","3":"status-publish","4":"has-post-thumbnail","6":"product_cat-caudal","7":"product_cat-caudalimetros-mecanicos","8":"product_cat-tipo-turbina","9":"marca-badger-meter","10":"marca-blancett","12":"first","13":"instock","14":"shipping-taxable","15":"product-type-simple"},"_links":{"self":[{"href":"https:\/\/instrutec.com.ar\/web\/wp-json\/wp\/v2\/product\/2629","targetHints":{"allow":["GET"]}}],"collection":[{"href":"https:\/\/instrutec.com.ar\/web\/wp-json\/wp\/v2\/product"}],"about":[{"href":"https:\/\/instrutec.com.ar\/web\/wp-json\/wp\/v2\/types\/product"}],"wp:featuredmedia":[{"embeddable":true,"href":"https:\/\/instrutec.com.ar\/web\/wp-json\/wp\/v2\/media\/2631"}],"wp:attachment":[{"href":"https:\/\/instrutec.com.ar\/web\/wp-json\/wp\/v2\/media?parent=2629"}],"wp:term":[{"taxonomy":"product_cat","embeddable":true,"href":"https:\/\/instrutec.com.ar\/web\/wp-json\/wp\/v2\/product_cat?post=2629"},{"taxonomy":"product_tag","embeddable":true,"href":"https:\/\/instrutec.com.ar\/web\/wp-json\/wp\/v2\/product_tag?post=2629"}],"curies":[{"name":"wp","href":"https:\/\/api.w.org\/{rel}","templated":true}]}}