{"id":2620,"date":"2025-10-07T14:31:42","date_gmt":"2025-10-07T14:31:42","guid":{"rendered":"https:\/\/instrutec.com.ar\/web\/?post_type=product&#038;p=2620"},"modified":"2025-10-07T14:35:36","modified_gmt":"2025-10-07T14:35:36","slug":"caudalimetro-tipo-turbina-bridado","status":"publish","type":"product","link":"https:\/\/instrutec.com.ar\/web\/product\/caudalimetro-tipo-turbina-bridado\/","title":{"rendered":"caudal\u00edmetro tipo turbina bridado"},"content":{"rendered":"","protected":false},"excerpt":{"rendered":"<h4>MARCA: BLANCETT &#8211; BADGER METER<\/h4>\n<h4>MODELO: 1100<\/h4>\n<p>El medidor de flujo tipo turbina Blancett<sup>\u00ae<\/sup>\u00a0modelo 1100 se dise\u00f1\u00f3 para resistir las demandas de los usos de medici\u00f3n de flujo m\u00e1s rigurosos, tanto dentro como fuera del \u00e1mbito petrolero.<\/p>\n<ul class=\"spec-table__table\">\n<li class=\"spec-table__table-item\">\n<div class=\"spec-table__table-item-key\">\n<div>Rango de temperatura: <span style=\"font-size: 15.008px\">\u2013101\u2026232\u00b0 C<\/span><\/div>\n<\/div>\n<\/li>\n<li class=\"spec-table__table-item\">\n<div class=\"spec-table__table-item-key\">\n<div>Rango de flujo: <span style=\"font-size: 15.008px\">2.27\u202618,930 l\/min<\/span><\/div>\n<\/div>\n<\/li>\n<li class=\"spec-table__table-item\">\n<div class=\"spec-table__table-item-key\">\n<div>Rango de presi\u00f3n: <span style=\"font-size: 15.008px\">Up to 344.74 Bar<\/span><\/div>\n<\/div>\n<\/li>\n<li class=\"spec-table__table-item\">\n<div class=\"spec-table__table-item-key\">\n<div>Precisi\u00f3n: <span style=\"font-size: 15.008px\">\u00b11%<\/span><\/div>\n<\/div>\n<div><\/div>\n<\/li>\n<\/ul>\n<h4><a href=\"https:\/\/instrutec.com.ar\/web\/wp-content\/uploads\/2025\/10\/TRB-DS-03031-ES-SPANISH-B1100-Flanged-Connections-Data-Sheet.pdf\">Ver cat\u00e1logo<\/a><\/h4>\n","protected":false},"featured_media":2622,"template":"","meta":[],"product_cat":[245,385,387],"product_tag":[],"class_list":{"0":"post-2620","1":"product","2":"type-product","3":"status-publish","4":"has-post-thumbnail","6":"product_cat-caudal","7":"product_cat-caudalimetros-mecanicos","8":"product_cat-tipo-turbina","9":"marca-badger-meter","10":"marca-blancett","12":"first","13":"instock","14":"shipping-taxable","15":"product-type-simple"},"_links":{"self":[{"href":"https:\/\/instrutec.com.ar\/web\/wp-json\/wp\/v2\/product\/2620","targetHints":{"allow":["GET"]}}],"collection":[{"href":"https:\/\/instrutec.com.ar\/web\/wp-json\/wp\/v2\/product"}],"about":[{"href":"https:\/\/instrutec.com.ar\/web\/wp-json\/wp\/v2\/types\/product"}],"wp:featuredmedia":[{"embeddable":true,"href":"https:\/\/instrutec.com.ar\/web\/wp-json\/wp\/v2\/media\/2622"}],"wp:attachment":[{"href":"https:\/\/instrutec.com.ar\/web\/wp-json\/wp\/v2\/media?parent=2620"}],"wp:term":[{"taxonomy":"product_cat","embeddable":true,"href":"https:\/\/instrutec.com.ar\/web\/wp-json\/wp\/v2\/product_cat?post=2620"},{"taxonomy":"product_tag","embeddable":true,"href":"https:\/\/instrutec.com.ar\/web\/wp-json\/wp\/v2\/product_tag?post=2620"}],"curies":[{"name":"wp","href":"https:\/\/api.w.org\/{rel}","templated":true}]}}