{"id":2613,"date":"2025-10-06T12:59:43","date_gmt":"2025-10-06T12:59:43","guid":{"rendered":"https:\/\/instrutec.com.ar\/web\/?post_type=product&#038;p=2613"},"modified":"2025-10-06T12:59:43","modified_gmt":"2025-10-06T12:59:43","slug":"medidor-de-insercion-en-tuberias-bajo-presion-caudalimetro-tipo-vortex","status":"publish","type":"product","link":"https:\/\/instrutec.com.ar\/web\/product\/medidor-de-insercion-en-tuberias-bajo-presion-caudalimetro-tipo-vortex\/","title":{"rendered":"Medidor de inserci\u00f3n en tuber\u00edas bajo presi\u00f3n &#8211; CAUDAL\u00cdMETRO TIPO VORTEX"},"content":{"rendered":"","protected":false},"excerpt":{"rendered":"<p><strong>MARCA: VORTEX \u2013 BADGER METER<\/strong><\/p>\n<p><strong>MODELO: VN2000<\/strong><\/p>\n<p>El medidor de flujo de inserci\u00f3n en tuber\u00edas bajo presi\u00f3n VN2000 Vortex mide la tasa de flujo volum\u00e9trico o m\u00e1sico de vapores, gases o l\u00edquidos en un gran rango de flujo. El medidor tiene un dise\u00f1o resistente fabricado para soportar los entornos m\u00e1s hostiles dentro y fuera de la tuber\u00eda.<\/p>\n<ul class=\"spec-table__table\">\n<li class=\"spec-table__table-item\">\n<div class=\"spec-table__table-item-key\">\n<div>Tama\u00f1o: <span style=\"font-size: 15.008px\">50\u2026900 mm<\/span><\/div>\n<\/div>\n<\/li>\n<li class=\"spec-table__table-item\">\n<div class=\"spec-table__table-item-key\">\n<div>Rango de temperatura: <span style=\"font-size: 15.008px\">-120\u2026 204\u00b0 C<\/span><\/div>\n<\/div>\n<\/li>\n<li class=\"spec-table__table-item\">\n<div class=\"spec-table__table-item-key\">\n<div>Rango de flujo: <span style=\"font-size: 15.008px\">49\u2026593,174 lpm<\/span><\/div>\n<\/div>\n<\/li>\n<li class=\"spec-table__table-item\">\n<div class=\"spec-table__table-item-key\">\n<div>Rango de presi\u00f3n: <span style=\"font-size: 15.008px\">Hasta 68.9 bar<\/span><\/div>\n<\/div>\n<\/li>\n<\/ul>\n<p><strong style=\"font-size: 15.008px\">\u00a0<a href=\"https:\/\/instrutec.com.ar\/web\/wp-content\/uploads\/2025\/10\/VRX-DS-02871-ES_SPANISH-Vortex-VN2000-Flow-Meters-Hot-Tap-Insertion-Meter-Product-Data-Sheet.pdf\" target=\"_blank\" rel=\"noopener\">Ver cat\u00e1logo<\/a><\/strong><\/p>\n","protected":false},"featured_media":2614,"template":"","meta":[],"product_cat":[245,385,386],"product_tag":[],"class_list":{"0":"post-2613","1":"product","2":"type-product","3":"status-publish","4":"has-post-thumbnail","6":"product_cat-caudal","7":"product_cat-caudalimetros-mecanicos","8":"product_cat-tipo-vortex","9":"marca-badger-meter","10":"marca-vortex","12":"first","13":"instock","14":"shipping-taxable","15":"product-type-simple"},"_links":{"self":[{"href":"https:\/\/instrutec.com.ar\/web\/wp-json\/wp\/v2\/product\/2613","targetHints":{"allow":["GET"]}}],"collection":[{"href":"https:\/\/instrutec.com.ar\/web\/wp-json\/wp\/v2\/product"}],"about":[{"href":"https:\/\/instrutec.com.ar\/web\/wp-json\/wp\/v2\/types\/product"}],"wp:featuredmedia":[{"embeddable":true,"href":"https:\/\/instrutec.com.ar\/web\/wp-json\/wp\/v2\/media\/2614"}],"wp:attachment":[{"href":"https:\/\/instrutec.com.ar\/web\/wp-json\/wp\/v2\/media?parent=2613"}],"wp:term":[{"taxonomy":"product_cat","embeddable":true,"href":"https:\/\/instrutec.com.ar\/web\/wp-json\/wp\/v2\/product_cat?post=2613"},{"taxonomy":"product_tag","embeddable":true,"href":"https:\/\/instrutec.com.ar\/web\/wp-json\/wp\/v2\/product_tag?post=2613"}],"curies":[{"name":"wp","href":"https:\/\/api.w.org\/{rel}","templated":true}]}}