{"id":2610,"date":"2025-10-01T15:22:03","date_gmt":"2025-10-01T15:22:03","guid":{"rendered":"https:\/\/instrutec.com.ar\/web\/?post_type=product&#038;p=2610"},"modified":"2025-10-01T15:22:03","modified_gmt":"2025-10-01T15:22:03","slug":"caudalimetro-de-tipo-vortex","status":"publish","type":"product","link":"https:\/\/instrutec.com.ar\/web\/product\/caudalimetro-de-tipo-vortex\/","title":{"rendered":"CAUDAL\u00cdMETRO DE TIPO VORTEX"},"content":{"rendered":"","protected":false},"excerpt":{"rendered":"<p><strong>MARCA: VORTEX &#8211; BADGER METER<\/strong><\/p>\n<p><strong>MODELO: RLV<\/strong><\/p>\n<p>El medidor de la serie RVL utiliza tecnolog\u00eda de desprendimiento de v\u00f3rtices que no contiene partes m\u00f3viles, y cualquier potencial de contaminaci\u00f3n de fluidos se ve eliminado por la construcci\u00f3n totalmente pr\u00e1ctica resistente a la corrosi\u00f3n. A diferencia de los medidores que contienen metal o partes m\u00f3viles, el RVL es perfecto para fluidos agresivos o fluidos que se contaminan con facilidad.<\/p>\n<ul class=\"spec-table__table\">\n<li class=\"spec-table__table-item\">\n<div class=\"spec-table__table-item-key\">\n<div>Tama\u00f1o: <span style=\"font-size: 15.008px\">6&#8230;76 mm<\/span><\/div>\n<\/div>\n<\/li>\n<li class=\"spec-table__table-item\">\n<div class=\"spec-table__table-item-key\">\n<div>Rango de temperatura: <span style=\"font-size: 15.008px\">Hasta 95\u00b0 C<\/span><\/div>\n<\/div>\n<\/li>\n<li class=\"spec-table__table-item\">\n<div class=\"spec-table__table-item-key\">\n<div>Rango de flujo: <span style=\"font-size: 15.008px\">2,3&#8230;1,136 l\/min<\/span><\/div>\n<\/div>\n<\/li>\n<li class=\"spec-table__table-item\">\n<div class=\"spec-table__table-item-key\">\n<div>Precisi\u00f3n: <span style=\"font-size: 15.008px\">\u00b11 %<\/span><\/div>\n<\/div>\n<\/li>\n<\/ul>\n<p><strong>\u00a0<a href=\"https:\/\/instrutec.com.ar\/web\/wp-content\/uploads\/2025\/10\/VRX-DS-01586-EN_Vortex-Flow-Meter-RVL-Series-Product-Data-Sheet.pdf\" target=\"_blank\" rel=\"noopener\">Ver cat\u00e1logo<\/a><\/strong><\/p>\n","protected":false},"featured_media":2612,"template":"","meta":[],"product_cat":[245,385,386],"product_tag":[],"class_list":{"0":"post-2610","1":"product","2":"type-product","3":"status-publish","4":"has-post-thumbnail","6":"product_cat-caudal","7":"product_cat-caudalimetros-mecanicos","8":"product_cat-tipo-vortex","9":"marca-badger-meter","10":"marca-vortex","12":"first","13":"instock","14":"shipping-taxable","15":"product-type-simple"},"_links":{"self":[{"href":"https:\/\/instrutec.com.ar\/web\/wp-json\/wp\/v2\/product\/2610","targetHints":{"allow":["GET"]}}],"collection":[{"href":"https:\/\/instrutec.com.ar\/web\/wp-json\/wp\/v2\/product"}],"about":[{"href":"https:\/\/instrutec.com.ar\/web\/wp-json\/wp\/v2\/types\/product"}],"wp:featuredmedia":[{"embeddable":true,"href":"https:\/\/instrutec.com.ar\/web\/wp-json\/wp\/v2\/media\/2612"}],"wp:attachment":[{"href":"https:\/\/instrutec.com.ar\/web\/wp-json\/wp\/v2\/media?parent=2610"}],"wp:term":[{"taxonomy":"product_cat","embeddable":true,"href":"https:\/\/instrutec.com.ar\/web\/wp-json\/wp\/v2\/product_cat?post=2610"},{"taxonomy":"product_tag","embeddable":true,"href":"https:\/\/instrutec.com.ar\/web\/wp-json\/wp\/v2\/product_tag?post=2610"}],"curies":[{"name":"wp","href":"https:\/\/api.w.org\/{rel}","templated":true}]}}