{"id":2607,"date":"2025-09-30T17:50:24","date_gmt":"2025-09-30T17:50:24","guid":{"rendered":"https:\/\/instrutec.com.ar\/web\/?post_type=product&#038;p=2607"},"modified":"2025-09-30T17:50:24","modified_gmt":"2025-09-30T17:50:24","slug":"medidor-de-flujo-electromagnetico-4","status":"publish","type":"product","link":"https:\/\/instrutec.com.ar\/web\/product\/medidor-de-flujo-electromagnetico-4\/","title":{"rendered":"Medidor de flujo electromagn\u00e9tico"},"content":{"rendered":"","protected":false},"excerpt":{"rendered":"<p class=\"product_title entry-title\"><strong>MARCA: ModMAG \u2013 BADGER METER<\/strong><\/p>\n<div class=\"woocommerce-product-details__short-description\">\n<p><strong>MODELO: M4000<\/strong><\/p>\n<p>El medidor de flujo electromagn\u00e9tico ModMAG<sup>\u00ae<\/sup>\u00a0M4000 provee una soluci\u00f3n precisa y confiable a largo plazo en la mayor\u00eda de las aplicaciones porque pr\u00e1cticamente no se ve afectado por los cambios de densidad, temperatura, presi\u00f3n y viscosidad.<\/p>\n<div class=\"spec-table__table-item-key\"><\/div>\n<div class=\"spec-table__table-item-key\">\n<ul class=\"spec-table__table\">\n<li class=\"spec-table__table-item\">\n<div class=\"spec-table__table-item-key\">\n<div>Rango de tama\u00f1o: 6 \u2013 300 mm<\/div>\n<\/div>\n<\/li>\n<li class=\"spec-table__table-item\">\n<div class=\"spec-table__table-item-key\">\n<div>Rango de temperatura: Hasta 120\u00b0 C<\/div>\n<\/div>\n<\/li>\n<li class=\"spec-table__table-item\">\n<div class=\"spec-table__table-item-key\">\n<div>Rango de flujo:\u00a00,03 \u2013 12 m\/sec<\/div>\n<\/div>\n<\/li>\n<li class=\"spec-table__table-item\">\n<div class=\"spec-table__table-item-key\">\n<div>Precisi\u00f3n:\u00a0\u00b1 0,2%<\/div>\n<\/div>\n<\/li>\n<\/ul>\n<\/div>\n<p><a href=\"https:\/\/instrutec.com.ar\/web\/wp-content\/uploads\/2025\/09\/MAG-DS-00558-EN_M4000.pdf\" target=\"_blank\" rel=\"noopener\">Ver cat\u00e1logo<\/a><\/p>\n<\/div>\n","protected":false},"featured_media":2609,"template":"","meta":[],"product_cat":[245,382],"product_tag":[],"class_list":{"0":"post-2607","1":"product","2":"type-product","3":"status-publish","4":"has-post-thumbnail","6":"product_cat-caudal","7":"product_cat-caudalimetros-electromagneticos","8":"marca-badger-meter","9":"marca-modmag","11":"first","12":"instock","13":"shipping-taxable","14":"product-type-simple"},"_links":{"self":[{"href":"https:\/\/instrutec.com.ar\/web\/wp-json\/wp\/v2\/product\/2607","targetHints":{"allow":["GET"]}}],"collection":[{"href":"https:\/\/instrutec.com.ar\/web\/wp-json\/wp\/v2\/product"}],"about":[{"href":"https:\/\/instrutec.com.ar\/web\/wp-json\/wp\/v2\/types\/product"}],"wp:featuredmedia":[{"embeddable":true,"href":"https:\/\/instrutec.com.ar\/web\/wp-json\/wp\/v2\/media\/2609"}],"wp:attachment":[{"href":"https:\/\/instrutec.com.ar\/web\/wp-json\/wp\/v2\/media?parent=2607"}],"wp:term":[{"taxonomy":"product_cat","embeddable":true,"href":"https:\/\/instrutec.com.ar\/web\/wp-json\/wp\/v2\/product_cat?post=2607"},{"taxonomy":"product_tag","embeddable":true,"href":"https:\/\/instrutec.com.ar\/web\/wp-json\/wp\/v2\/product_tag?post=2607"}],"curies":[{"name":"wp","href":"https:\/\/api.w.org\/{rel}","templated":true}]}}