{"id":2606,"date":"2025-09-30T16:34:40","date_gmt":"2025-09-30T16:34:40","guid":{"rendered":"https:\/\/instrutec.com.ar\/web\/?post_type=product&#038;p=2606"},"modified":"2025-09-30T16:34:40","modified_gmt":"2025-09-30T16:34:40","slug":"medidor-de-flujo-electromagnetico-3","status":"publish","type":"product","link":"https:\/\/instrutec.com.ar\/web\/product\/medidor-de-flujo-electromagnetico-3\/","title":{"rendered":"Medidor de flujo electromagn\u00e9tico"},"content":{"rendered":"","protected":false},"excerpt":{"rendered":"<p class=\"product_title entry-title\"><strong>MARCA: ModMAG \u2013 BADGER METER<\/strong><\/p>\n<div class=\"woocommerce-product-details__short-description\">\n<p><strong>MODELO: M1000<\/strong><\/p>\n<p>El medidor de flujo electromagn\u00e9tico ModMAG M1000 est\u00e1 dise\u00f1ado, desarrollado y fabricado bajo estrictas normas de calidad. Presenta una sofisticada conversi\u00f3n de se\u00f1al basada en un procesador con una precisi\u00f3n de \u00b10.3%<\/p>\n<div class=\"spec-table__table-item-key\">\n<ul class=\"spec-table__table\">\n<li class=\"spec-table__table-item\">\n<div class=\"spec-table__table-item-key\">\n<div>Rango de tama\u00f1o: 6 \u2013 500 mm<\/div>\n<\/div>\n<\/li>\n<li class=\"spec-table__table-item\">\n<div class=\"spec-table__table-item-key\">\n<div>Rango de temperatura:\u00a0Hasta 150\u00b0 C<\/div>\n<\/div>\n<\/li>\n<li class=\"spec-table__table-item\">\n<div class=\"spec-table__table-item-key\">\n<div>Rango de flujo:\u00a00,03 \u2013 12 m\/sec<\/div>\n<\/div>\n<\/li>\n<li class=\"spec-table__table-item\">\n<div class=\"spec-table__table-item-key\">\n<div>Precisi\u00f3n: \u00b1 0,3%<\/div>\n<\/div>\n<\/li>\n<\/ul>\n<\/div>\n<p><a href=\"https:\/\/instrutec.com.ar\/web\/wp-content\/uploads\/2025\/09\/HYB-DS-04933-ES_DXN-5P.pdf\" target=\"_blank\" rel=\"noopener\">Ver cat\u00e1logo<\/a><\/p>\n<\/div>\n","protected":false},"featured_media":2604,"template":"","meta":[],"product_cat":[245,382],"product_tag":[],"class_list":{"0":"post-2606","1":"product","2":"type-product","3":"status-publish","4":"has-post-thumbnail","6":"product_cat-caudal","7":"product_cat-caudalimetros-electromagneticos","8":"marca-badger-meter","9":"marca-modmag","11":"first","12":"instock","13":"shipping-taxable","14":"product-type-simple"},"_links":{"self":[{"href":"https:\/\/instrutec.com.ar\/web\/wp-json\/wp\/v2\/product\/2606","targetHints":{"allow":["GET"]}}],"collection":[{"href":"https:\/\/instrutec.com.ar\/web\/wp-json\/wp\/v2\/product"}],"about":[{"href":"https:\/\/instrutec.com.ar\/web\/wp-json\/wp\/v2\/types\/product"}],"wp:featuredmedia":[{"embeddable":true,"href":"https:\/\/instrutec.com.ar\/web\/wp-json\/wp\/v2\/media\/2604"}],"wp:attachment":[{"href":"https:\/\/instrutec.com.ar\/web\/wp-json\/wp\/v2\/media?parent=2606"}],"wp:term":[{"taxonomy":"product_cat","embeddable":true,"href":"https:\/\/instrutec.com.ar\/web\/wp-json\/wp\/v2\/product_cat?post=2606"},{"taxonomy":"product_tag","embeddable":true,"href":"https:\/\/instrutec.com.ar\/web\/wp-json\/wp\/v2\/product_tag?post=2606"}],"curies":[{"name":"wp","href":"https:\/\/api.w.org\/{rel}","templated":true}]}}