{"id":2593,"date":"2025-09-30T15:17:30","date_gmt":"2025-09-30T15:17:30","guid":{"rendered":"https:\/\/instrutec.com.ar\/web\/?post_type=product&#038;p=2593"},"modified":"2025-09-30T15:17:30","modified_gmt":"2025-09-30T15:17:30","slug":"caudalimetro-electromagnetico","status":"publish","type":"product","link":"https:\/\/instrutec.com.ar\/web\/product\/caudalimetro-electromagnetico\/","title":{"rendered":"Caudal\u00edmetro electromagn\u00e9tico"},"content":{"rendered":"","protected":false},"excerpt":{"rendered":"<p class=\"product_title entry-title\"><strong>MARCA: ModMAG \u2013 BADGER METER<\/strong><\/p>\n<div class=\"woocommerce-product-details__short-description\">\n<p><strong>MODELO: M3000<\/strong><\/p>\n<p>El medidor de flujo electromagn\u00e9tico ModMAG<sup>\u00ae<\/sup>\u00a0M3000 pr\u00e1cticamente no se ve afectado por los cambios de densidad, temperatura, presi\u00f3n y viscosidad, lo que lo convierte en una soluci\u00f3n de medici\u00f3n precisa y fiable a largo plazo<\/p>\n<div class=\"spec-table__table-item-key\"><\/div>\n<div class=\"spec-table__table-item-key\">\n<ul class=\"spec-table__table\">\n<li class=\"spec-table__table-item\">\n<div class=\"spec-table__table-item-key\">\n<div>Rango de tama\u00f1o: 6 \u2013 600 mm<\/div>\n<\/div>\n<\/li>\n<li class=\"spec-table__table-item\">\n<div class=\"spec-table__table-item-key\">\n<div>Rango de temperatura: Hasta 120\u00b0 C<\/div>\n<\/div>\n<\/li>\n<li class=\"spec-table__table-item\">\n<div class=\"spec-table__table-item-key\">\n<div>Rango de flujo:\u00a00,03 \u2013 12 m\/sec<\/div>\n<\/div>\n<\/li>\n<li class=\"spec-table__table-item\">\n<div class=\"spec-table__table-item-key\">\n<div>Precisi\u00f3n:\u00a0\u00b1 0,2%<\/div>\n<\/div>\n<\/li>\n<\/ul>\n<\/div>\n<p><a href=\"https:\/\/instrutec.com.ar\/web\/wp-content\/uploads\/2025\/09\/HYB-DS-04933-ES_DXN-5P.pdf\" target=\"_blank\" rel=\"noopener\">Ver cat\u00e1logo<\/a><\/p>\n<\/div>\n","protected":false},"featured_media":2594,"template":"","meta":[],"product_cat":[245,382],"product_tag":[372,383,348],"class_list":{"0":"post-2593","1":"product","2":"type-product","3":"status-publish","4":"has-post-thumbnail","6":"product_cat-caudal","7":"product_cat-caudalimetros-electromagneticos","8":"product_tag-caudalimetro","9":"product_tag-electromagnetico","10":"product_tag-liquido","11":"marca-badger-meter","12":"marca-modmag","14":"first","15":"instock","16":"shipping-taxable","17":"product-type-simple"},"_links":{"self":[{"href":"https:\/\/instrutec.com.ar\/web\/wp-json\/wp\/v2\/product\/2593","targetHints":{"allow":["GET"]}}],"collection":[{"href":"https:\/\/instrutec.com.ar\/web\/wp-json\/wp\/v2\/product"}],"about":[{"href":"https:\/\/instrutec.com.ar\/web\/wp-json\/wp\/v2\/types\/product"}],"wp:featuredmedia":[{"embeddable":true,"href":"https:\/\/instrutec.com.ar\/web\/wp-json\/wp\/v2\/media\/2594"}],"wp:attachment":[{"href":"https:\/\/instrutec.com.ar\/web\/wp-json\/wp\/v2\/media?parent=2593"}],"wp:term":[{"taxonomy":"product_cat","embeddable":true,"href":"https:\/\/instrutec.com.ar\/web\/wp-json\/wp\/v2\/product_cat?post=2593"},{"taxonomy":"product_tag","embeddable":true,"href":"https:\/\/instrutec.com.ar\/web\/wp-json\/wp\/v2\/product_tag?post=2593"}],"curies":[{"name":"wp","href":"https:\/\/api.w.org\/{rel}","templated":true}]}}