{"id":2589,"date":"2025-09-30T14:36:04","date_gmt":"2025-09-30T14:36:04","guid":{"rendered":"https:\/\/instrutec.com.ar\/web\/?post_type=product&#038;p=2589"},"modified":"2025-09-30T14:36:39","modified_gmt":"2025-09-30T14:36:39","slug":"medidor-de-flujo-electromagnetico","status":"publish","type":"product","link":"https:\/\/instrutec.com.ar\/web\/product\/medidor-de-flujo-electromagnetico\/","title":{"rendered":"Medidor de flujo electromagn\u00e9tico"},"content":{"rendered":"","protected":false},"excerpt":{"rendered":"<h1 class=\"product_title entry-title\"><strong style=\"font-size: 15.008px\">MARCA: ModMAG \u2013 BADGER METER<\/strong><\/h1>\n<div class=\"woocommerce-product-details__short-description\">\n<p><strong>MODELO: M2000<\/strong><\/p>\n<p>El medidor de flujo electromagn\u00e9tico ModMAG<sup>\u00ae<\/sup>\u00a0M2000, que combina un detector de uso general con un amplificador, presenta un dise\u00f1o avanzado y f\u00e1cil de usar, construido para pruebas de verificaci\u00f3n de campo con el uso de un simple dispositivo de mano.<\/p>\n<div class=\"spec-table__table-item-key\"><\/div>\n<div class=\"spec-table__table-item-key\">\n<ul class=\"spec-table__table\">\n<li class=\"spec-table__table-item\">\n<div class=\"spec-table__table-item-key\">\n<div>Rango de tama\u00f1o: <span style=\"font-size: 15.008px\">6 &#8211; 1981 mm<\/span><\/div>\n<\/div>\n<\/li>\n<li class=\"spec-table__table-item\">\n<div class=\"spec-table__table-item-key\">\n<div>Rango de temperatura: <span style=\"font-size: 15.008px\">Hasta 150\u00b0 C<\/span><\/div>\n<\/div>\n<\/li>\n<li class=\"spec-table__table-item\">\n<div class=\"spec-table__table-item-key\">\n<div>Rango de flujo: <span style=\"font-size: 15.008px\">0,03 &#8211; 12 m\/sec<\/span><\/div>\n<\/div>\n<\/li>\n<li class=\"spec-table__table-item\">\n<div class=\"spec-table__table-item-key\">\n<div>Precisi\u00f3n: <span style=\"font-size: 15.008px\">\u00b1 0,2%<\/span><\/div>\n<\/div>\n<\/li>\n<\/ul>\n<\/div>\n<p><a href=\"https:\/\/instrutec.com.ar\/web\/wp-content\/uploads\/2025\/09\/HYB-DS-04933-ES_DXN-5P.pdf\" target=\"_blank\" rel=\"noopener\">Ver cat\u00e1logo<\/a><\/p>\n<\/div>\n","protected":false},"featured_media":2591,"template":"","meta":[],"product_cat":[245,382],"product_tag":[372,383,376],"class_list":{"0":"post-2589","1":"product","2":"type-product","3":"status-publish","4":"has-post-thumbnail","6":"product_cat-caudal","7":"product_cat-caudalimetros-electromagneticos","8":"product_tag-caudalimetro","9":"product_tag-electromagnetico","10":"product_tag-liquidos","11":"marca-badger-meter","12":"marca-modmag","14":"first","15":"instock","16":"shipping-taxable","17":"product-type-simple"},"_links":{"self":[{"href":"https:\/\/instrutec.com.ar\/web\/wp-json\/wp\/v2\/product\/2589","targetHints":{"allow":["GET"]}}],"collection":[{"href":"https:\/\/instrutec.com.ar\/web\/wp-json\/wp\/v2\/product"}],"about":[{"href":"https:\/\/instrutec.com.ar\/web\/wp-json\/wp\/v2\/types\/product"}],"wp:featuredmedia":[{"embeddable":true,"href":"https:\/\/instrutec.com.ar\/web\/wp-json\/wp\/v2\/media\/2591"}],"wp:attachment":[{"href":"https:\/\/instrutec.com.ar\/web\/wp-json\/wp\/v2\/media?parent=2589"}],"wp:term":[{"taxonomy":"product_cat","embeddable":true,"href":"https:\/\/instrutec.com.ar\/web\/wp-json\/wp\/v2\/product_cat?post=2589"},{"taxonomy":"product_tag","embeddable":true,"href":"https:\/\/instrutec.com.ar\/web\/wp-json\/wp\/v2\/product_tag?post=2589"}],"curies":[{"name":"wp","href":"https:\/\/api.w.org\/{rel}","templated":true}]}}