{"id":2583,"date":"2025-09-30T14:23:18","date_gmt":"2025-09-30T14:23:18","guid":{"rendered":"https:\/\/instrutec.com.ar\/web\/?post_type=product&#038;p=2583"},"modified":"2025-09-30T14:23:18","modified_gmt":"2025-09-30T14:23:18","slug":"medidor-de-flujo-ultrasonico-no-invasivo-portatil","status":"publish","type":"product","link":"https:\/\/instrutec.com.ar\/web\/product\/medidor-de-flujo-ultrasonico-no-invasivo-portatil\/","title":{"rendered":"Medidor de flujo ultras\u00f3nico no invasivo port\u00e1til"},"content":{"rendered":"","protected":false},"excerpt":{"rendered":"<p><strong>MARCA: DYNASONIC \u2013 BADGER METER<\/strong><\/p>\n<p><strong>MODELO: SERIES DXN-5P<\/strong><\/p>\n<p>El medidor de flujo ultras\u00f3nico h\u00edbrido port\u00e1til Dynasonics<sup>\u00ae<\/sup>\u00a0DXN-5P es una potente herramienta que se utiliza para solucionar problemas de flujo, tanto si deseas confirmar r\u00e1pidamente la lectura de flujo de otro medidor como si deseas registrar datos de flujo o energ\u00eda t\u00e9rmica durante un per\u00edodo prolongado.<\/p>\n<ul class=\"spec-table__table\">\n<li class=\"spec-table__table-item\">\n<div class=\"spec-table__table-item-key\">\n<div>Rango de tama\u00f1o: 15 \u2013 1219 mm<\/div>\n<\/div>\n<\/li>\n<li class=\"spec-table__table-item\">\n<div class=\"spec-table__table-item-key\">\n<div>Rango de temperatura: -40 \u2013 121\u00b0 C<\/div>\n<\/div>\n<\/li>\n<li class=\"spec-table__table-item\">\n<div class=\"spec-table__table-item-key\">\n<div>Rango de flujo: 0,7 \u2013 33000 GPM<\/div>\n<\/div>\n<\/li>\n<li class=\"spec-table__table-item\">\n<div class=\"spec-table__table-item-key\">\n<div>Precisi\u00f3n: \u00b1 0.5% \u00b1 0.025 ft\/s (0.008 m\/s)<\/div>\n<\/div>\n<\/li>\n<\/ul>\n<p><a href=\"https:\/\/instrutec.com.ar\/web\/wp-content\/uploads\/2025\/09\/HYB-DS-04933-ES_DXN-5P.pdf\" target=\"_blank\" rel=\"noopener\">Ver cat\u00e1logo<\/a><\/p>\n","protected":false},"featured_media":2584,"template":"","meta":[],"product_cat":[245,250],"product_tag":[372,376,378,358,377,374],"class_list":{"0":"post-2583","1":"product","2":"type-product","3":"status-publish","4":"has-post-thumbnail","6":"product_cat-caudal","7":"product_cat-caudalimetros-ultrasonicos","8":"product_tag-caudalimetro","9":"product_tag-liquidos","10":"product_tag-liquidos-aireados","11":"product_tag-portatil","12":"product_tag-solidos-en-suspension","13":"product_tag-ultrasonico","14":"marca-badger-meter","15":"marca-dynasonic","17":"first","18":"instock","19":"shipping-taxable","20":"product-type-simple"},"_links":{"self":[{"href":"https:\/\/instrutec.com.ar\/web\/wp-json\/wp\/v2\/product\/2583","targetHints":{"allow":["GET"]}}],"collection":[{"href":"https:\/\/instrutec.com.ar\/web\/wp-json\/wp\/v2\/product"}],"about":[{"href":"https:\/\/instrutec.com.ar\/web\/wp-json\/wp\/v2\/types\/product"}],"wp:featuredmedia":[{"embeddable":true,"href":"https:\/\/instrutec.com.ar\/web\/wp-json\/wp\/v2\/media\/2584"}],"wp:attachment":[{"href":"https:\/\/instrutec.com.ar\/web\/wp-json\/wp\/v2\/media?parent=2583"}],"wp:term":[{"taxonomy":"product_cat","embeddable":true,"href":"https:\/\/instrutec.com.ar\/web\/wp-json\/wp\/v2\/product_cat?post=2583"},{"taxonomy":"product_tag","embeddable":true,"href":"https:\/\/instrutec.com.ar\/web\/wp-json\/wp\/v2\/product_tag?post=2583"}],"curies":[{"name":"wp","href":"https:\/\/api.w.org\/{rel}","templated":true}]}}