{"id":2580,"date":"2025-09-30T14:19:12","date_gmt":"2025-09-30T14:19:12","guid":{"rendered":"https:\/\/instrutec.com.ar\/web\/?post_type=product&#038;p=2580"},"modified":"2025-09-30T14:19:12","modified_gmt":"2025-09-30T14:19:12","slug":"caudalimetro-ultrasonico-por-efecto-doppler","status":"publish","type":"product","link":"https:\/\/instrutec.com.ar\/web\/product\/caudalimetro-ultrasonico-por-efecto-doppler\/","title":{"rendered":"CAUDAL\u00cdMETRO ULTRAS\u00d3NICO POR EFECTO DOPPLER"},"content":{"rendered":"","protected":false},"excerpt":{"rendered":"<p><strong>MARCA: DYNASONIC &#8211; BADGER METER<\/strong><\/p>\n<p><strong>MODELO: SERIES DFX<\/strong><\/p>\n<p>El medidor de flujo ultras\u00f3nico por efecto Doppler DFX Dynasonics<sup>\u00ae\u00a0<\/sup>mide el flujo de l\u00edquidos aireados o aquellos que contienen part\u00edculas en suspensi\u00f3n que reflejan la energ\u00eda ultras\u00f3nica.<\/p>\n<ul class=\"spec-table__table\">\n<li class=\"spec-table__table-item\">\n<div class=\"spec-table__table-item-key\">\n<div>Rango de tama\u00f1o: <span style=\"font-size: 15.008px\">6 &#8211; 3048 mm<\/span><\/div>\n<\/div>\n<\/li>\n<li class=\"spec-table__table-item\">\n<div class=\"spec-table__table-item-key\">\n<div>Rango de temperatura: <span style=\"font-size: 15.008px\">-40 &#8211; 90\u00b0 C<\/span><\/div>\n<\/div>\n<\/li>\n<li class=\"spec-table__table-item\">\n<div class=\"spec-table__table-item-key\">\n<div>Rango de flujo: <span style=\"font-size: 15.008px\">0,05 &#8211; 9 m\/s<\/span><\/div>\n<\/div>\n<\/li>\n<li class=\"spec-table__table-item\">\n<div class=\"spec-table__table-item-key\">\n<div>Precisi\u00f3n: <span style=\"font-size: 15.008px\">\u00b1 2%<\/span><\/div>\n<\/div>\n<\/li>\n<\/ul>\n<p><a href=\"https:\/\/instrutec.com.ar\/web\/wp-content\/uploads\/2025\/09\/XMO2pro_Datasheet_BHMADS05V11.pdf\" target=\"_blank\" rel=\"noopener\">Ver cat\u00e1logo<\/a><\/p>\n","protected":false},"featured_media":2582,"template":"","meta":[],"product_cat":[245,250],"product_tag":[372,373,376,375,374],"class_list":{"0":"post-2580","1":"product","2":"type-product","3":"status-publish","4":"has-post-thumbnail","6":"product_cat-caudal","7":"product_cat-caudalimetros-ultrasonicos","8":"product_tag-caudalimetro","9":"product_tag-doppler","10":"product_tag-liquidos","11":"product_tag-particulas-en-suspension","12":"product_tag-ultrasonico","13":"marca-badger-meter","14":"marca-dynasonic","16":"first","17":"instock","18":"shipping-taxable","19":"product-type-simple"},"_links":{"self":[{"href":"https:\/\/instrutec.com.ar\/web\/wp-json\/wp\/v2\/product\/2580","targetHints":{"allow":["GET"]}}],"collection":[{"href":"https:\/\/instrutec.com.ar\/web\/wp-json\/wp\/v2\/product"}],"about":[{"href":"https:\/\/instrutec.com.ar\/web\/wp-json\/wp\/v2\/types\/product"}],"wp:featuredmedia":[{"embeddable":true,"href":"https:\/\/instrutec.com.ar\/web\/wp-json\/wp\/v2\/media\/2582"}],"wp:attachment":[{"href":"https:\/\/instrutec.com.ar\/web\/wp-json\/wp\/v2\/media?parent=2580"}],"wp:term":[{"taxonomy":"product_cat","embeddable":true,"href":"https:\/\/instrutec.com.ar\/web\/wp-json\/wp\/v2\/product_cat?post=2580"},{"taxonomy":"product_tag","embeddable":true,"href":"https:\/\/instrutec.com.ar\/web\/wp-json\/wp\/v2\/product_tag?post=2580"}],"curies":[{"name":"wp","href":"https:\/\/api.w.org\/{rel}","templated":true}]}}