{"id":2576,"date":"2025-09-29T13:33:35","date_gmt":"2025-09-29T13:33:35","guid":{"rendered":"https:\/\/instrutec.com.ar\/web\/?post_type=product&#038;p=2576"},"modified":"2025-09-29T13:33:35","modified_gmt":"2025-09-29T13:33:35","slug":"transmisor-de-o2-y-humedad","status":"publish","type":"product","link":"https:\/\/instrutec.com.ar\/web\/product\/transmisor-de-o2-y-humedad\/","title":{"rendered":"TRANSMISOR DE O2 Y HUMEDAD"},"content":{"rendered":"","protected":false},"excerpt":{"rendered":"<p><strong>MARCA: PANAMETRICS<\/strong><\/p>\n<p><strong>MODELO: H2pure.IQ<\/strong><\/p>\n<p>Obtenga mediciones precisas de trazas de humedad y ox\u00edgeno con el Panametrics H2pure.IQ. La nueva soluci\u00f3n integral de transmisores de humedad y ox\u00edgeno simplifica la selecci\u00f3n e instalaci\u00f3n de sus transmisores de humedad y ox\u00edgeno.<\/p>\n<p><a href=\"https:\/\/instrutec.com.ar\/web\/wp-content\/uploads\/2025\/09\/H2PURE.IQ_BHMADS07V4.pdf\" target=\"_blank\" rel=\"noopener\">Ver Cat\u00e1logo<\/a><\/p>\n","protected":false},"featured_media":2578,"template":"","meta":[],"product_cat":[233,368,235,344],"product_tag":[366,369,367,370],"class_list":{"0":"post-2576","1":"product","2":"type-product","3":"status-publish","4":"has-post-thumbnail","6":"product_cat-analizadores-de-gases","7":"product_cat-analizadores-de-humedad","8":"product_cat-analizadores-de-o2","9":"product_cat-analizador-de-proceso","10":"product_tag-analizador-de-proceso","11":"product_tag-humedad","12":"product_tag-oxigeno","13":"product_tag-trazas","14":"marca-panametrics","16":"first","17":"instock","18":"shipping-taxable","19":"product-type-simple"},"_links":{"self":[{"href":"https:\/\/instrutec.com.ar\/web\/wp-json\/wp\/v2\/product\/2576","targetHints":{"allow":["GET"]}}],"collection":[{"href":"https:\/\/instrutec.com.ar\/web\/wp-json\/wp\/v2\/product"}],"about":[{"href":"https:\/\/instrutec.com.ar\/web\/wp-json\/wp\/v2\/types\/product"}],"wp:featuredmedia":[{"embeddable":true,"href":"https:\/\/instrutec.com.ar\/web\/wp-json\/wp\/v2\/media\/2578"}],"wp:attachment":[{"href":"https:\/\/instrutec.com.ar\/web\/wp-json\/wp\/v2\/media?parent=2576"}],"wp:term":[{"taxonomy":"product_cat","embeddable":true,"href":"https:\/\/instrutec.com.ar\/web\/wp-json\/wp\/v2\/product_cat?post=2576"},{"taxonomy":"product_tag","embeddable":true,"href":"https:\/\/instrutec.com.ar\/web\/wp-json\/wp\/v2\/product_tag?post=2576"}],"curies":[{"name":"wp","href":"https:\/\/api.w.org\/{rel}","templated":true}]}}