{"id":2099,"date":"2019-08-13T20:11:31","date_gmt":"2019-08-13T20:11:31","guid":{"rendered":"http:\/\/166.62.89.205\/~instrutec\/?post_type=product&#038;p=2099"},"modified":"2025-10-28T14:29:50","modified_gmt":"2025-10-28T14:29:50","slug":"indicadores-de-nivel-magnetico","status":"publish","type":"product","link":"https:\/\/instrutec.com.ar\/web\/product\/indicadores-de-nivel-magnetico\/","title":{"rendered":"INDICADORES DE NIVEL MAGNETICO"},"content":{"rendered":"","protected":false},"excerpt":{"rendered":"<p><strong>MARCA SOR<\/strong><\/p>\n<p><strong>MODELO: SEG\u00daN ORDEN<\/strong><\/p>\n<div>El indicador de nivel magn\u00e9tico SOR\u00ae serie 1100 aprovecha d\u00e9cadas de experiencia en la construcci\u00f3n de recipientes a presi\u00f3n y se complementa con un dise\u00f1o de indicador l\u00edder en la industria para proporcionar una indicaci\u00f3n clara y fiable de cualquier l\u00edquido de proceso.<\/div>\n<div><\/div>\n<div>El medidor de la serie 1100 es una excelente alternativa a las mirillas tradicionales, ya que el contenido del recipiente queda totalmente contenido en la c\u00e1mara del flotador, lo que lo hace ideal para sistemas de alta presi\u00f3n. Se pueden incorporar f\u00e1cilmente al sistema interruptores de nivel puntuales externos o transmisores de nivel continuo, como un radar de onda guiada o un transmisor de nivel magnetoestrictivo, sin romper el l\u00edmite de presi\u00f3n ni afectar a las tuber\u00edas existentes.<\/div>\n<div><\/div>\n<div>El indicador 1130 vista\u2122 ofrece un \u00e1ngulo de visi\u00f3n de 200\u00b0, l\u00edder en la industria, y una distancia de visi\u00f3n frontal de 76 metros.<\/div>\n<div><\/div>\n<p><a href=\"http:\/\/instrutec.com.ar\/web\/wp-content\/uploads\/2019\/11\/1100-Series-Magnetic-Level-Indicator_CAT1596-1.pdf\" target=\"_blank\" rel=\"noopener\">Ver cat\u00e1logo<\/a><\/p>\n","protected":false},"featured_media":2735,"template":"","meta":[],"product_cat":[287,283],"product_tag":[],"class_list":{"0":"post-2099","1":"product","2":"type-product","3":"status-publish","4":"has-post-thumbnail","6":"product_cat-indicadores-de-nivel-de-liquido","7":"product_cat-nivel","8":"marca-sor","10":"first","11":"instock","12":"featured","13":"downloadable","14":"shipping-taxable","15":"product-type-simple"},"_links":{"self":[{"href":"https:\/\/instrutec.com.ar\/web\/wp-json\/wp\/v2\/product\/2099","targetHints":{"allow":["GET"]}}],"collection":[{"href":"https:\/\/instrutec.com.ar\/web\/wp-json\/wp\/v2\/product"}],"about":[{"href":"https:\/\/instrutec.com.ar\/web\/wp-json\/wp\/v2\/types\/product"}],"wp:featuredmedia":[{"embeddable":true,"href":"https:\/\/instrutec.com.ar\/web\/wp-json\/wp\/v2\/media\/2735"}],"wp:attachment":[{"href":"https:\/\/instrutec.com.ar\/web\/wp-json\/wp\/v2\/media?parent=2099"}],"wp:term":[{"taxonomy":"product_cat","embeddable":true,"href":"https:\/\/instrutec.com.ar\/web\/wp-json\/wp\/v2\/product_cat?post=2099"},{"taxonomy":"product_tag","embeddable":true,"href":"https:\/\/instrutec.com.ar\/web\/wp-json\/wp\/v2\/product_tag?post=2099"}],"curies":[{"name":"wp","href":"https:\/\/api.w.org\/{rel}","templated":true}]}}