{"id":2095,"date":"2019-08-13T19:49:48","date_gmt":"2019-08-13T19:49:48","guid":{"rendered":"http:\/\/166.62.89.205\/~instrutec\/?post_type=product&#038;p=2095"},"modified":"2025-10-29T13:11:50","modified_gmt":"2025-10-29T13:11:50","slug":"interruptores-de-nivel-ultrasonico-de-punto-doble","status":"publish","type":"product","link":"https:\/\/instrutec.com.ar\/web\/product\/interruptores-de-nivel-ultrasonico-de-punto-doble\/","title":{"rendered":"INTERRUPTORES DE NIVEL ULTRASONICO DE PUNTO DOBLE CON AUTOTESTEO"},"content":{"rendered":"","protected":false},"excerpt":{"rendered":"<p><strong>MARCA SOR<\/strong><\/p>\n<p><strong>MODELO: SERIE 712, 722<\/strong><\/p>\n<div>Los interruptores de nivel ultras\u00f3nicos de doble punto con autodiagn\u00f3stico SOR modelos 722 y 712 son la opci\u00f3n ideal cuando se necesita un instrumento con dos puntos de ajuste para alarmas de nivel alto y bajo o control de bombas.<\/div>\n<div><\/div>\n<div>El modelo 722 incorpora un mecanismo de autodiagn\u00f3stico que garantiza el correcto funcionamiento del dispositivo incluso en ausencia de l\u00edquido. Se trata de un instrumento electr\u00f3nico econ\u00f3mico sin piezas m\u00f3viles. El mantenimiento preventivo se limita a una inspecci\u00f3n visual anual y puede ser realizado por un t\u00e9cnico con conocimientos b\u00e1sicos de electricidad (cableado).<\/div>\n<div><\/div>\n<ul>\n<li>No requiere configuraci\u00f3n ni calibraci\u00f3n adicionales.<\/li>\n<li>Los puntos de ajuste pueden vincularse para proporcionar l\u00f3gica de bombeo.<\/li>\n<li>Presi\u00f3n desde vac\u00edo hasta 2000 psi, temperatura desde -40 \u00b0F hasta 250 \u00b0F.<\/li>\n<li>Salida de rel\u00e9 y de desplazamiento de corriente (8\/16 mA) disponibles.<\/li>\n<li>Sensores de acero inoxidable 316, aleaci\u00f3n 20 y Hastelloy-C.<\/li>\n<\/ul>\n<p><a href=\"https:\/\/instrutec.com.ar\/web\/wp-content\/uploads\/2025\/10\/Ultrasonic-Point-Level-Switches_CAT1145-1.pdf\" target=\"_blank\" rel=\"noopener\">Ver cat\u00e1logo<\/a><\/p>\n","protected":false},"featured_media":2746,"template":"","meta":[],"product_cat":[284,283],"product_tag":[],"class_list":{"0":"post-2095","1":"product","2":"type-product","3":"status-publish","4":"has-post-thumbnail","6":"product_cat-interruptores-nivel","7":"product_cat-nivel","8":"marca-sor","10":"first","11":"instock","12":"downloadable","13":"shipping-taxable","14":"product-type-simple"},"_links":{"self":[{"href":"https:\/\/instrutec.com.ar\/web\/wp-json\/wp\/v2\/product\/2095","targetHints":{"allow":["GET"]}}],"collection":[{"href":"https:\/\/instrutec.com.ar\/web\/wp-json\/wp\/v2\/product"}],"about":[{"href":"https:\/\/instrutec.com.ar\/web\/wp-json\/wp\/v2\/types\/product"}],"wp:featuredmedia":[{"embeddable":true,"href":"https:\/\/instrutec.com.ar\/web\/wp-json\/wp\/v2\/media\/2746"}],"wp:attachment":[{"href":"https:\/\/instrutec.com.ar\/web\/wp-json\/wp\/v2\/media?parent=2095"}],"wp:term":[{"taxonomy":"product_cat","embeddable":true,"href":"https:\/\/instrutec.com.ar\/web\/wp-json\/wp\/v2\/product_cat?post=2095"},{"taxonomy":"product_tag","embeddable":true,"href":"https:\/\/instrutec.com.ar\/web\/wp-json\/wp\/v2\/product_tag?post=2095"}],"curies":[{"name":"wp","href":"https:\/\/api.w.org\/{rel}","templated":true}]}}