{"id":2094,"date":"2019-08-13T19:46:41","date_gmt":"2019-08-13T19:46:41","guid":{"rendered":"http:\/\/166.62.89.205\/~instrutec\/?post_type=product&#038;p=2094"},"modified":"2025-10-29T13:17:44","modified_gmt":"2025-10-29T13:17:44","slug":"interruptores-de-nivel-con-desplazador-vertical","status":"publish","type":"product","link":"https:\/\/instrutec.com.ar\/web\/product\/interruptores-de-nivel-con-desplazador-vertical\/","title":{"rendered":"INTERRUPTORES DE NIVEL CON DESPLAZADOR VERTICAL"},"content":{"rendered":"","protected":false},"excerpt":{"rendered":"<p><strong>MARCA: SOR<\/strong><\/p>\n<p><strong>MODELO: SERIES VARIAS<\/strong><\/p>\n<div>Los interruptores de nivel mec\u00e1nicos SOR\u00ae son productos industriales robustos, dise\u00f1ados espec\u00edficamente para una gran versatilidad de aplicaci\u00f3n. Este cat\u00e1logo contiene informaci\u00f3n sobre aplicaciones y pedidos de interruptores de nivel de flotador y de desplazador. Los interruptores est\u00e1n disponibles con c\u00e1maras con brida o selladas, o como modelos de inserci\u00f3n directa.<\/div>\n<div><\/div>\n<div>Las opciones disponibles para cada tipo de interruptor incluyen: tipo y cantidad de interruptores, tipo de carcasa, material de la c\u00e1mara, conexiones de proceso, accesorios y m\u00e1s. Las unidades se pueden personalizar para satisfacer las necesidades de los clientes.<\/div>\n<div><\/div>\n<p><a href=\"http:\/\/instrutec.com.ar\/web\/wp-content\/uploads\/2019\/11\/Serie-100-level-switches-cat912.pdf\" target=\"_blank\" rel=\"noopener\">Ver cat\u00e1logo<\/a><\/p>\n","protected":false},"featured_media":2070,"template":"","meta":[],"product_cat":[284,283],"product_tag":[],"class_list":{"0":"post-2094","1":"product","2":"type-product","3":"status-publish","4":"has-post-thumbnail","6":"product_cat-interruptores-nivel","7":"product_cat-nivel","8":"marca-sor","10":"first","11":"instock","12":"featured","13":"downloadable","14":"shipping-taxable","15":"product-type-simple"},"_links":{"self":[{"href":"https:\/\/instrutec.com.ar\/web\/wp-json\/wp\/v2\/product\/2094","targetHints":{"allow":["GET"]}}],"collection":[{"href":"https:\/\/instrutec.com.ar\/web\/wp-json\/wp\/v2\/product"}],"about":[{"href":"https:\/\/instrutec.com.ar\/web\/wp-json\/wp\/v2\/types\/product"}],"wp:featuredmedia":[{"embeddable":true,"href":"https:\/\/instrutec.com.ar\/web\/wp-json\/wp\/v2\/media\/2070"}],"wp:attachment":[{"href":"https:\/\/instrutec.com.ar\/web\/wp-json\/wp\/v2\/media?parent=2094"}],"wp:term":[{"taxonomy":"product_cat","embeddable":true,"href":"https:\/\/instrutec.com.ar\/web\/wp-json\/wp\/v2\/product_cat?post=2094"},{"taxonomy":"product_tag","embeddable":true,"href":"https:\/\/instrutec.com.ar\/web\/wp-json\/wp\/v2\/product_tag?post=2094"}],"curies":[{"name":"wp","href":"https:\/\/api.w.org\/{rel}","templated":true}]}}