{"id":2046,"date":"2019-08-13T15:03:34","date_gmt":"2019-08-13T15:03:34","guid":{"rendered":"http:\/\/166.62.89.205\/~instrutec\/?post_type=product&#038;p=2046"},"modified":"2019-11-08T15:01:56","modified_gmt":"2019-11-08T15:01:56","slug":"interruptor-de-presion-con-calificacion-nuclear-3","status":"publish","type":"product","link":"https:\/\/instrutec.com.ar\/web\/product\/interruptor-de-presion-con-calificacion-nuclear-3\/","title":{"rendered":"INTERRUPTOR DE PRESI\u00d3N- TA"},"content":{"rendered":"","protected":false},"excerpt":{"rendered":"<p><strong>MARCA: SOR<\/strong><\/p>\n<p><strong>MODELO: TA<\/strong><\/p>\n<p>Est\u00e1 dise\u00f1ado para resistir las condiciones m\u00e1s severas. Construido espec\u00edficamente para los requisitos de LOCA, est\u00e1 calificado por una combinaci\u00f3n de pruebas y an\u00e1lisis que incluye envejecimiento t\u00e9rmico, irradiaci\u00f3n, ciclos mec\u00e1nicos \/el\u00e9ctricos y multifrecuencia aleatoria.<\/p>\n<p><a href=\"http:\/\/instrutec.com.ar\/web\/wp-content\/uploads\/2019\/11\/nuclear-power-industry-switches-cat651.pdf\" target=\"_blank\" rel=\"noopener\">Ver cat\u00e1logo<\/a><\/p>\n","protected":false},"featured_media":2017,"template":"","meta":[],"product_cat":[263],"product_tag":[],"class_list":{"0":"post-2046","1":"product","2":"type-product","3":"status-publish","4":"has-post-thumbnail","6":"product_cat-interruptores-de-presion-con-calificacion-nuclear","7":"marca-sor","9":"first","10":"instock","11":"shipping-taxable","12":"product-type-simple"},"_links":{"self":[{"href":"https:\/\/instrutec.com.ar\/web\/wp-json\/wp\/v2\/product\/2046","targetHints":{"allow":["GET"]}}],"collection":[{"href":"https:\/\/instrutec.com.ar\/web\/wp-json\/wp\/v2\/product"}],"about":[{"href":"https:\/\/instrutec.com.ar\/web\/wp-json\/wp\/v2\/types\/product"}],"wp:featuredmedia":[{"embeddable":true,"href":"https:\/\/instrutec.com.ar\/web\/wp-json\/wp\/v2\/media\/2017"}],"wp:attachment":[{"href":"https:\/\/instrutec.com.ar\/web\/wp-json\/wp\/v2\/media?parent=2046"}],"wp:term":[{"taxonomy":"product_cat","embeddable":true,"href":"https:\/\/instrutec.com.ar\/web\/wp-json\/wp\/v2\/product_cat?post=2046"},{"taxonomy":"product_tag","embeddable":true,"href":"https:\/\/instrutec.com.ar\/web\/wp-json\/wp\/v2\/product_tag?post=2046"}],"curies":[{"name":"wp","href":"https:\/\/api.w.org\/{rel}","templated":true}]}}