{"id":2045,"date":"2019-08-13T14:56:53","date_gmt":"2019-08-13T14:56:53","guid":{"rendered":"http:\/\/166.62.89.205\/~instrutec\/?post_type=product&#038;p=2045"},"modified":"2019-11-08T15:01:23","modified_gmt":"2019-11-08T15:01:23","slug":"interruptor-de-presion-con-calificacion-nuclear-2","status":"publish","type":"product","link":"https:\/\/instrutec.com.ar\/web\/product\/interruptor-de-presion-con-calificacion-nuclear-2\/","title":{"rendered":"INTERRUPTOR DE PRESI\u00d3N-RT"},"content":{"rendered":"","protected":false},"excerpt":{"rendered":"<p><strong>MARCA: SOR<\/strong><\/p>\n<p><strong>MODELO: RT <\/strong><\/p>\n<p>Est\u00e1 dise\u00f1ado para uso fuera del \u00e1rea de contenci\u00f3n. La carcasa es m\u00e1s grande que el modelo N6, lo que permite incluir un bloque de terminales si es necesario. El RT est\u00e1 construido de acero inoxidable y cuenta con orejetas integrales para el montaje en un panel. Presi\u00f3n de 30\u201dHg VAC a 1750 psi.<\/p>\n<p><a href=\"http:\/\/instrutec.com.ar\/web\/wp-content\/uploads\/2019\/11\/nuclear-power-industry-switches-cat651.pdf\" target=\"_blank\" rel=\"noopener\">Ver cat\u00e1logo<\/a><\/p>\n","protected":false},"featured_media":2237,"template":"","meta":[],"product_cat":[263],"product_tag":[],"class_list":{"0":"post-2045","1":"product","2":"type-product","3":"status-publish","4":"has-post-thumbnail","6":"product_cat-interruptores-de-presion-con-calificacion-nuclear","7":"marca-sor","9":"first","10":"instock","11":"downloadable","12":"shipping-taxable","13":"product-type-simple"},"_links":{"self":[{"href":"https:\/\/instrutec.com.ar\/web\/wp-json\/wp\/v2\/product\/2045","targetHints":{"allow":["GET"]}}],"collection":[{"href":"https:\/\/instrutec.com.ar\/web\/wp-json\/wp\/v2\/product"}],"about":[{"href":"https:\/\/instrutec.com.ar\/web\/wp-json\/wp\/v2\/types\/product"}],"wp:featuredmedia":[{"embeddable":true,"href":"https:\/\/instrutec.com.ar\/web\/wp-json\/wp\/v2\/media\/2237"}],"wp:attachment":[{"href":"https:\/\/instrutec.com.ar\/web\/wp-json\/wp\/v2\/media?parent=2045"}],"wp:term":[{"taxonomy":"product_cat","embeddable":true,"href":"https:\/\/instrutec.com.ar\/web\/wp-json\/wp\/v2\/product_cat?post=2045"},{"taxonomy":"product_tag","embeddable":true,"href":"https:\/\/instrutec.com.ar\/web\/wp-json\/wp\/v2\/product_tag?post=2045"}],"curies":[{"name":"wp","href":"https:\/\/api.w.org\/{rel}","templated":true}]}}