{"id":1992,"date":"2019-08-13T12:15:32","date_gmt":"2019-08-13T12:15:32","guid":{"rendered":"http:\/\/166.62.89.205\/~instrutec\/?post_type=product&#038;p=1992"},"modified":"2019-10-31T18:56:45","modified_gmt":"2019-10-31T18:56:45","slug":"termovainas","status":"publish","type":"product","link":"https:\/\/instrutec.com.ar\/web\/product\/termovainas\/","title":{"rendered":"TERMOVAINAS"},"content":{"rendered":"","protected":false},"excerpt":{"rendered":"<p><strong>MARCA: INSTRUTEC<\/strong><\/p>\n<p>Fabricadas en gran variedad de materiales para abarcar su aplicaci\u00f3n en todo tipo de industrias, su selecci\u00f3n depende del tipo de fluido, agresividad qu\u00edmica y mec\u00e1nicas entre otros factores. Elaboradas en diferentes longitudes, macizas, de tubo, soldadas, roscadas, bridadas, Van Stone.<\/p>\n<p><a href=\"http:\/\/instrutec.com.ar\/web\/wp-content\/uploads\/2019\/10\/TC-y-RTD-2.pdf\" target=\"_blank\" rel=\"noopener\">Ver cat\u00e1logo<\/a><\/p>\n","protected":false},"featured_media":1962,"template":"","meta":[],"product_cat":[297],"product_tag":[],"class_list":{"0":"post-1992","1":"product","2":"type-product","3":"status-publish","4":"has-post-thumbnail","6":"product_cat-termocuplas-termorresistencias-termovainas","7":"marca-instrutec","9":"first","10":"instock","11":"downloadable","12":"shipping-taxable","13":"product-type-simple"},"_links":{"self":[{"href":"https:\/\/instrutec.com.ar\/web\/wp-json\/wp\/v2\/product\/1992","targetHints":{"allow":["GET"]}}],"collection":[{"href":"https:\/\/instrutec.com.ar\/web\/wp-json\/wp\/v2\/product"}],"about":[{"href":"https:\/\/instrutec.com.ar\/web\/wp-json\/wp\/v2\/types\/product"}],"wp:featuredmedia":[{"embeddable":true,"href":"https:\/\/instrutec.com.ar\/web\/wp-json\/wp\/v2\/media\/1962"}],"wp:attachment":[{"href":"https:\/\/instrutec.com.ar\/web\/wp-json\/wp\/v2\/media?parent=1992"}],"wp:term":[{"taxonomy":"product_cat","embeddable":true,"href":"https:\/\/instrutec.com.ar\/web\/wp-json\/wp\/v2\/product_cat?post=1992"},{"taxonomy":"product_tag","embeddable":true,"href":"https:\/\/instrutec.com.ar\/web\/wp-json\/wp\/v2\/product_tag?post=1992"}],"curies":[{"name":"wp","href":"https:\/\/api.w.org\/{rel}","templated":true}]}}