{"id":1941,"date":"2019-08-12T17:08:23","date_gmt":"2019-08-12T17:08:23","guid":{"rendered":"http:\/\/166.62.89.205\/~instrutec\/?post_type=product&#038;p=1941"},"modified":"2025-10-23T14:33:20","modified_gmt":"2025-10-23T14:33:20","slug":"monitor-de-calidad-de-agua-portatil","status":"publish","type":"product","link":"https:\/\/instrutec.com.ar\/web\/product\/monitor-de-calidad-de-agua-portatil\/","title":{"rendered":"MONITOR DE CALIDAD DE AGUA PORTATIL"},"content":{"rendered":"","protected":false},"excerpt":{"rendered":"<p><strong>MARCA: ATI<\/strong><\/p>\n<p><strong>MODELO: PQ 45<\/strong><\/p>\n<p>Es un sistema port\u00e1til de monitoreo de la calidad del agua que se puede configurar r\u00e1pida y f\u00e1cilmente para proporcionar datos a corto plazo sobre el cloro residual, y tambi\u00e9n puede incluir mediciones de pH. El \u00a0PQ 45 tambi\u00e9n est\u00e1 disponible para ozono, di\u00f3xido de cloro residual, ox\u00edgeno disuelto o conductividad.<\/p>\n<p><a href=\"http:\/\/instrutec.com.ar\/web\/wp-content\/uploads\/2019\/11\/MONITOR-DE-CALIDAD-DE-AGUA.-PORTATIL-PQ45.pdf\" target=\"_blank\" rel=\"noopener\">Ver cat\u00e1logo<\/a><\/p>\n","protected":false},"featured_media":1862,"template":"","meta":[],"product_cat":[393,264],"product_tag":[],"class_list":{"0":"post-1941","1":"product","2":"type-product","3":"status-publish","4":"has-post-thumbnail","6":"product_cat-analizadores-de-proceso","7":"product_cat-monitoreo-de-calidad-de-agua","8":"marca-ati","10":"first","11":"instock","12":"downloadable","13":"shipping-taxable","14":"product-type-simple"},"_links":{"self":[{"href":"https:\/\/instrutec.com.ar\/web\/wp-json\/wp\/v2\/product\/1941","targetHints":{"allow":["GET"]}}],"collection":[{"href":"https:\/\/instrutec.com.ar\/web\/wp-json\/wp\/v2\/product"}],"about":[{"href":"https:\/\/instrutec.com.ar\/web\/wp-json\/wp\/v2\/types\/product"}],"wp:featuredmedia":[{"embeddable":true,"href":"https:\/\/instrutec.com.ar\/web\/wp-json\/wp\/v2\/media\/1862"}],"wp:attachment":[{"href":"https:\/\/instrutec.com.ar\/web\/wp-json\/wp\/v2\/media?parent=1941"}],"wp:term":[{"taxonomy":"product_cat","embeddable":true,"href":"https:\/\/instrutec.com.ar\/web\/wp-json\/wp\/v2\/product_cat?post=1941"},{"taxonomy":"product_tag","embeddable":true,"href":"https:\/\/instrutec.com.ar\/web\/wp-json\/wp\/v2\/product_tag?post=1941"}],"curies":[{"name":"wp","href":"https:\/\/api.w.org\/{rel}","templated":true}]}}