{"id":1940,"date":"2019-08-12T17:03:10","date_gmt":"2019-08-12T17:03:10","guid":{"rendered":"http:\/\/166.62.89.205\/~instrutec\/?post_type=product&#038;p=1940"},"modified":"2025-10-23T14:33:14","modified_gmt":"2025-10-23T14:33:14","slug":"monitor-de-turbidez","status":"publish","type":"product","link":"https:\/\/instrutec.com.ar\/web\/product\/monitor-de-turbidez\/","title":{"rendered":"MONITOR DE TURBIDEZ"},"content":{"rendered":"","protected":false},"excerpt":{"rendered":"<p><strong>MARCA: ATI<\/strong><\/p>\n<p><strong>MODELO: Q46 \/76<\/strong><\/p>\n<p>El monitor muestra la turbidez en un rango de visualizaci\u00f3n m\u00ednimo de 0-2 NTU proporcionando una resoluci\u00f3n de hasta 0.001 NTU y es adecuado para aplicaciones de monitoreo del filtrado final..<\/p>\n<p><a href=\"https:\/\/instrutec.com.ar\/web\/wp-content\/uploads\/2025\/10\/ATI-DS-05254-EN_Q46-76-Turbidity-Monitor.pdf\" target=\"_blank\" rel=\"noopener\">Ver cat\u00e1logo<\/a><\/p>\n<p>&nbsp;<\/p>\n","protected":false},"featured_media":2699,"template":"","meta":[],"product_cat":[393,264],"product_tag":[],"class_list":{"0":"post-1940","1":"product","2":"type-product","3":"status-publish","4":"has-post-thumbnail","6":"product_cat-analizadores-de-proceso","7":"product_cat-monitoreo-de-calidad-de-agua","8":"marca-ati","10":"first","11":"instock","12":"downloadable","13":"shipping-taxable","14":"product-type-simple"},"_links":{"self":[{"href":"https:\/\/instrutec.com.ar\/web\/wp-json\/wp\/v2\/product\/1940","targetHints":{"allow":["GET"]}}],"collection":[{"href":"https:\/\/instrutec.com.ar\/web\/wp-json\/wp\/v2\/product"}],"about":[{"href":"https:\/\/instrutec.com.ar\/web\/wp-json\/wp\/v2\/types\/product"}],"wp:featuredmedia":[{"embeddable":true,"href":"https:\/\/instrutec.com.ar\/web\/wp-json\/wp\/v2\/media\/2699"}],"wp:attachment":[{"href":"https:\/\/instrutec.com.ar\/web\/wp-json\/wp\/v2\/media?parent=1940"}],"wp:term":[{"taxonomy":"product_cat","embeddable":true,"href":"https:\/\/instrutec.com.ar\/web\/wp-json\/wp\/v2\/product_cat?post=1940"},{"taxonomy":"product_tag","embeddable":true,"href":"https:\/\/instrutec.com.ar\/web\/wp-json\/wp\/v2\/product_tag?post=1940"}],"curies":[{"name":"wp","href":"https:\/\/api.w.org\/{rel}","templated":true}]}}