{"id":1939,"date":"2019-08-12T17:01:04","date_gmt":"2019-08-12T17:01:04","guid":{"rendered":"http:\/\/166.62.89.205\/~instrutec\/?post_type=product&#038;p=1939"},"modified":"2025-10-23T14:33:07","modified_gmt":"2025-10-23T14:33:07","slug":"monitor-de-solidos-suspendidos","status":"publish","type":"product","link":"https:\/\/instrutec.com.ar\/web\/product\/monitor-de-solidos-suspendidos\/","title":{"rendered":"MONITOR DE SOLIDOS SUSPENDIDOS"},"content":{"rendered":"","protected":false},"excerpt":{"rendered":"<p><strong>MARCA: ATI<\/strong><\/p>\n<p><strong>MODELO: Q46\/88<\/strong><\/p>\n<p>Los sensores de s\u00f3lidos suspendidos son dispositivos \u00f3pticos que operan en la regi\u00f3n infrarroja.\u00a0A diferencia de los sensores de turbidez que utilizan una dispersi\u00f3n de 90 grados para optimizar la sensibilidad, los sensores de s\u00f3lidos suspendidos usan la &#8220;retrodispersi\u00f3n&#8221; para permitir mediciones de s\u00f3lidos a niveles mucho m\u00e1s altos.<\/p>\n<p><a href=\"https:\/\/instrutec.com.ar\/web\/wp-content\/uploads\/2025\/10\/ATI-DS-05257-EN_Q46-88-Suspended-Solids.pdf\" target=\"_blank\" rel=\"noopener\">Ver cat\u00e1logo<\/a><\/p>\n","protected":false},"featured_media":2702,"template":"","meta":[],"product_cat":[393,264],"product_tag":[],"class_list":{"0":"post-1939","1":"product","2":"type-product","3":"status-publish","4":"has-post-thumbnail","6":"product_cat-analizadores-de-proceso","7":"product_cat-monitoreo-de-calidad-de-agua","8":"marca-ati","10":"first","11":"instock","12":"downloadable","13":"shipping-taxable","14":"product-type-simple"},"_links":{"self":[{"href":"https:\/\/instrutec.com.ar\/web\/wp-json\/wp\/v2\/product\/1939","targetHints":{"allow":["GET"]}}],"collection":[{"href":"https:\/\/instrutec.com.ar\/web\/wp-json\/wp\/v2\/product"}],"about":[{"href":"https:\/\/instrutec.com.ar\/web\/wp-json\/wp\/v2\/types\/product"}],"wp:featuredmedia":[{"embeddable":true,"href":"https:\/\/instrutec.com.ar\/web\/wp-json\/wp\/v2\/media\/2702"}],"wp:attachment":[{"href":"https:\/\/instrutec.com.ar\/web\/wp-json\/wp\/v2\/media?parent=1939"}],"wp:term":[{"taxonomy":"product_cat","embeddable":true,"href":"https:\/\/instrutec.com.ar\/web\/wp-json\/wp\/v2\/product_cat?post=1939"},{"taxonomy":"product_tag","embeddable":true,"href":"https:\/\/instrutec.com.ar\/web\/wp-json\/wp\/v2\/product_tag?post=1939"}],"curies":[{"name":"wp","href":"https:\/\/api.w.org\/{rel}","templated":true}]}}