{"id":1935,"date":"2019-08-12T16:42:27","date_gmt":"2019-08-12T16:42:27","guid":{"rendered":"http:\/\/166.62.89.205\/~instrutec\/?post_type=product&#038;p=1935"},"modified":"2025-10-23T14:15:08","modified_gmt":"2025-10-23T14:15:08","slug":"monitor-de-ph-orp","status":"publish","type":"product","link":"https:\/\/instrutec.com.ar\/web\/product\/monitor-de-ph-orp\/","title":{"rendered":"MONITOR DE pH\/ORP"},"content":{"rendered":"","protected":false},"excerpt":{"rendered":"<p><strong>MARCA: ATI<\/strong><\/p>\n<p><strong>MODELO: Q46P\/R pH\/ORP<\/strong><\/p>\n<p>El monitor Q46 representa la \u00faltima generaci\u00f3n de sistemas de monitoreo y control. Las funciones de control incluyen una tercera salida anal\u00f3gica opcional o un banco adicional de rel\u00e9s de baja potencia, posee tambi\u00e9n la opci\u00f3n Q-Blast de ATI que proporciona la respuesta ideal para la limpieza autom\u00e1tica del sensor de pH u ORP.<\/p>\n<p>&nbsp;<\/p>\n<p><a href=\"http:\/\/instrutec.com.ar\/web\/wp-content\/uploads\/2019\/11\/MONITOR-DE-CALIDAD-DE-AGUA.-pH-ORP-Q46P-R.pdf\" target=\"_blank\" rel=\"noopener\">Ver cat\u00e1logo<\/a><\/p>\n","protected":false},"featured_media":2705,"template":"","meta":[],"product_cat":[393,264],"product_tag":[],"class_list":{"0":"post-1935","1":"product","2":"type-product","3":"status-publish","4":"has-post-thumbnail","6":"product_cat-analizadores-de-proceso","7":"product_cat-monitoreo-de-calidad-de-agua","8":"marca-ati","10":"first","11":"instock","12":"downloadable","13":"shipping-taxable","14":"product-type-simple"},"_links":{"self":[{"href":"https:\/\/instrutec.com.ar\/web\/wp-json\/wp\/v2\/product\/1935","targetHints":{"allow":["GET"]}}],"collection":[{"href":"https:\/\/instrutec.com.ar\/web\/wp-json\/wp\/v2\/product"}],"about":[{"href":"https:\/\/instrutec.com.ar\/web\/wp-json\/wp\/v2\/types\/product"}],"wp:featuredmedia":[{"embeddable":true,"href":"https:\/\/instrutec.com.ar\/web\/wp-json\/wp\/v2\/media\/2705"}],"wp:attachment":[{"href":"https:\/\/instrutec.com.ar\/web\/wp-json\/wp\/v2\/media?parent=1935"}],"wp:term":[{"taxonomy":"product_cat","embeddable":true,"href":"https:\/\/instrutec.com.ar\/web\/wp-json\/wp\/v2\/product_cat?post=1935"},{"taxonomy":"product_tag","embeddable":true,"href":"https:\/\/instrutec.com.ar\/web\/wp-json\/wp\/v2\/product_tag?post=1935"}],"curies":[{"name":"wp","href":"https:\/\/api.w.org\/{rel}","templated":true}]}}