{"id":1928,"date":"2019-08-12T15:18:29","date_gmt":"2019-08-12T15:18:29","guid":{"rendered":"http:\/\/166.62.89.205\/~instrutec\/?post_type=product&#038;p=1928"},"modified":"2025-10-23T14:21:49","modified_gmt":"2025-10-23T14:21:49","slug":"monitor-de-peroxido-de-hidrogeno-q46-84","status":"publish","type":"product","link":"https:\/\/instrutec.com.ar\/web\/product\/monitor-de-peroxido-de-hidrogeno-q46-84\/","title":{"rendered":"MONITOR DE PEROXIDO DE HIDROGENO Q46\/84"},"content":{"rendered":"","protected":false},"excerpt":{"rendered":"<p><strong>MARCA: ATI<\/strong><\/p>\n<p><strong>MODELO: Q46\/84<\/strong><\/p>\n<p>Dise\u00f1ado para medir continuamente la concentraci\u00f3n de H2O2 en sistemas acuosos. Comunidades digitales y anal\u00f3gicas disponibles.<\/p>\n<p><a href=\"http:\/\/instrutec.com.ar\/web\/wp-content\/uploads\/2019\/11\/MONITOR-DE-CALIDAD-DE-AGUA.-PEROXIDO-DE-HIDROGENO-Q46F-84.pdf\" target=\"_blank\" rel=\"noopener\">Ver cat\u00e1logo<\/a><\/p>\n","protected":false},"featured_media":2710,"template":"","meta":[],"product_cat":[393,264],"product_tag":[],"class_list":{"0":"post-1928","1":"product","2":"type-product","3":"status-publish","4":"has-post-thumbnail","6":"product_cat-analizadores-de-proceso","7":"product_cat-monitoreo-de-calidad-de-agua","8":"marca-ati","10":"first","11":"instock","12":"downloadable","13":"shipping-taxable","14":"product-type-simple"},"_links":{"self":[{"href":"https:\/\/instrutec.com.ar\/web\/wp-json\/wp\/v2\/product\/1928","targetHints":{"allow":["GET"]}}],"collection":[{"href":"https:\/\/instrutec.com.ar\/web\/wp-json\/wp\/v2\/product"}],"about":[{"href":"https:\/\/instrutec.com.ar\/web\/wp-json\/wp\/v2\/types\/product"}],"wp:featuredmedia":[{"embeddable":true,"href":"https:\/\/instrutec.com.ar\/web\/wp-json\/wp\/v2\/media\/2710"}],"wp:attachment":[{"href":"https:\/\/instrutec.com.ar\/web\/wp-json\/wp\/v2\/media?parent=1928"}],"wp:term":[{"taxonomy":"product_cat","embeddable":true,"href":"https:\/\/instrutec.com.ar\/web\/wp-json\/wp\/v2\/product_cat?post=1928"},{"taxonomy":"product_tag","embeddable":true,"href":"https:\/\/instrutec.com.ar\/web\/wp-json\/wp\/v2\/product_tag?post=1928"}],"curies":[{"name":"wp","href":"https:\/\/api.w.org\/{rel}","templated":true}]}}