{"id":1927,"date":"2019-08-12T15:14:10","date_gmt":"2019-08-12T15:14:10","guid":{"rendered":"http:\/\/166.62.89.205\/~instrutec\/?post_type=product&#038;p=1927"},"modified":"2025-10-23T14:23:33","modified_gmt":"2025-10-23T14:23:33","slug":"monitor-de-fluoruro-q46f","status":"publish","type":"product","link":"https:\/\/instrutec.com.ar\/web\/product\/monitor-de-fluoruro-q46f\/","title":{"rendered":"MONITOR DE FLUORURO Q46F"},"content":{"rendered":"","protected":false},"excerpt":{"rendered":"<p><strong>MARCA: ATI<\/strong><\/p>\n<p><strong>MODELO: Q46F<\/strong><\/p>\n<p>El Q46F proporciona un monitoreo continuo de la calidad del agua de la concentraci\u00f3n de fluoruro libre en el agua potable.\u00a0 Con un m\u00f3dulo qu\u00edmico que proporciona acondicionamiento de muestras para el sensor y la concentraci\u00f3n de fluoruro, tambi\u00e9n proporciona funciones de alarma y salida anal\u00f3gica.<\/p>\n<p><a href=\"https:\/\/instrutec.com.ar\/web\/wp-content\/uploads\/2025\/10\/ATI-DS-05258-EN_Q46F-Fluoride-Monitor.pdf\" target=\"_blank\" rel=\"noopener\">Ver cat\u00e1logo<\/a><\/p>\n","protected":false},"featured_media":2712,"template":"","meta":[],"product_cat":[393,264],"product_tag":[],"class_list":{"0":"post-1927","1":"product","2":"type-product","3":"status-publish","4":"has-post-thumbnail","6":"product_cat-analizadores-de-proceso","7":"product_cat-monitoreo-de-calidad-de-agua","8":"marca-ati","10":"first","11":"instock","12":"downloadable","13":"shipping-taxable","14":"product-type-simple"},"_links":{"self":[{"href":"https:\/\/instrutec.com.ar\/web\/wp-json\/wp\/v2\/product\/1927","targetHints":{"allow":["GET"]}}],"collection":[{"href":"https:\/\/instrutec.com.ar\/web\/wp-json\/wp\/v2\/product"}],"about":[{"href":"https:\/\/instrutec.com.ar\/web\/wp-json\/wp\/v2\/types\/product"}],"wp:featuredmedia":[{"embeddable":true,"href":"https:\/\/instrutec.com.ar\/web\/wp-json\/wp\/v2\/media\/2712"}],"wp:attachment":[{"href":"https:\/\/instrutec.com.ar\/web\/wp-json\/wp\/v2\/media?parent=1927"}],"wp:term":[{"taxonomy":"product_cat","embeddable":true,"href":"https:\/\/instrutec.com.ar\/web\/wp-json\/wp\/v2\/product_cat?post=1927"},{"taxonomy":"product_tag","embeddable":true,"href":"https:\/\/instrutec.com.ar\/web\/wp-json\/wp\/v2\/product_tag?post=1927"}],"curies":[{"name":"wp","href":"https:\/\/api.w.org\/{rel}","templated":true}]}}