{"id":1924,"date":"2019-08-12T14:37:10","date_gmt":"2019-08-12T14:37:10","guid":{"rendered":"http:\/\/166.62.89.205\/~instrutec\/?post_type=product&#038;p=1924"},"modified":"2025-10-23T14:28:13","modified_gmt":"2025-10-23T14:28:13","slug":"monitor-de-oxigeno-disuelto-q46d","status":"publish","type":"product","link":"https:\/\/instrutec.com.ar\/web\/product\/monitor-de-oxigeno-disuelto-q46d\/","title":{"rendered":"MONITOR DE OXIGENO DISUELTO Q46D"},"content":{"rendered":"","protected":false},"excerpt":{"rendered":"<p><strong>MARCA: ATI<\/strong><\/p>\n<p><strong>MODELO: Q46D<\/strong><\/p>\n<p>Est\u00e1 dise\u00f1ado para proporcionar una medici\u00f3n confiable de ox\u00edgeno y ayudar a reducir los costos operativos. Hay dos tipos de tecnolog\u00edas de detecci\u00f3n disponibles para usar con el sistema Q46D: Electroqu\u00edmica (membrana) y \u00d3ptica (fluorescencia).<\/p>\n<p><a href=\"https:\/\/instrutec.com.ar\/web\/wp-content\/uploads\/2025\/10\/ATI-DS-04902-EN_Q46D-Dissolved-Oxygen-Monitor.pdf\" target=\"_blank\" rel=\"noopener\">Ver cat\u00e1logo<\/a><\/p>\n","protected":false},"featured_media":2714,"template":"","meta":[],"product_cat":[393,264],"product_tag":[],"class_list":{"0":"post-1924","1":"product","2":"type-product","3":"status-publish","4":"has-post-thumbnail","6":"product_cat-analizadores-de-proceso","7":"product_cat-monitoreo-de-calidad-de-agua","8":"marca-ati","10":"first","11":"instock","12":"shipping-taxable","13":"product-type-simple"},"_links":{"self":[{"href":"https:\/\/instrutec.com.ar\/web\/wp-json\/wp\/v2\/product\/1924","targetHints":{"allow":["GET"]}}],"collection":[{"href":"https:\/\/instrutec.com.ar\/web\/wp-json\/wp\/v2\/product"}],"about":[{"href":"https:\/\/instrutec.com.ar\/web\/wp-json\/wp\/v2\/types\/product"}],"wp:featuredmedia":[{"embeddable":true,"href":"https:\/\/instrutec.com.ar\/web\/wp-json\/wp\/v2\/media\/2714"}],"wp:attachment":[{"href":"https:\/\/instrutec.com.ar\/web\/wp-json\/wp\/v2\/media?parent=1924"}],"wp:term":[{"taxonomy":"product_cat","embeddable":true,"href":"https:\/\/instrutec.com.ar\/web\/wp-json\/wp\/v2\/product_cat?post=1924"},{"taxonomy":"product_tag","embeddable":true,"href":"https:\/\/instrutec.com.ar\/web\/wp-json\/wp\/v2\/product_tag?post=1924"}],"curies":[{"name":"wp","href":"https:\/\/api.w.org\/{rel}","templated":true}]}}