{"id":1920,"date":"2019-08-12T14:20:56","date_gmt":"2019-08-12T14:20:56","guid":{"rendered":"http:\/\/166.62.89.205\/~instrutec\/?post_type=product&#038;p=1920"},"modified":"2025-10-23T14:32:42","modified_gmt":"2025-10-23T14:32:42","slug":"monitor-de-conductividad-q46c2-2e","status":"publish","type":"product","link":"https:\/\/instrutec.com.ar\/web\/product\/monitor-de-conductividad-q46c2-2e\/","title":{"rendered":"MONITOR DE CONDUCTIVIDAD (RESISTIVO) Q46C2 2E"},"content":{"rendered":"","protected":false},"excerpt":{"rendered":"<p><strong>MARCA: ATI<\/strong><\/p>\n<p><strong>MODELO: Q46C2 2E<\/strong><\/p>\n<p>Proporciona un sistema de medici\u00f3n confiable para monitorear la calidad del agua para sistemas de alta pureza.\u00a0 Tambi\u00e9n se puede configurar para medir y mostrar la concentraci\u00f3n de productos qu\u00edmicos utilizados en diversas aplicaciones de proceso.<\/p>\n<p><a href=\"https:\/\/instrutec.com.ar\/web\/wp-content\/uploads\/2025\/10\/ATI-DS-05275-EN_Q46C2-2E-Resistivity-Monitor.pdf\" target=\"_blank\" rel=\"noopener\">Ver cat\u00e1logo<\/a><\/p>\n","protected":false},"featured_media":2723,"template":"","meta":[],"product_cat":[393,264],"product_tag":[],"class_list":{"0":"post-1920","1":"product","2":"type-product","3":"status-publish","4":"has-post-thumbnail","6":"product_cat-analizadores-de-proceso","7":"product_cat-monitoreo-de-calidad-de-agua","8":"marca-ati","10":"first","11":"instock","12":"downloadable","13":"shipping-taxable","14":"product-type-simple"},"_links":{"self":[{"href":"https:\/\/instrutec.com.ar\/web\/wp-json\/wp\/v2\/product\/1920","targetHints":{"allow":["GET"]}}],"collection":[{"href":"https:\/\/instrutec.com.ar\/web\/wp-json\/wp\/v2\/product"}],"about":[{"href":"https:\/\/instrutec.com.ar\/web\/wp-json\/wp\/v2\/types\/product"}],"wp:featuredmedia":[{"embeddable":true,"href":"https:\/\/instrutec.com.ar\/web\/wp-json\/wp\/v2\/media\/2723"}],"wp:attachment":[{"href":"https:\/\/instrutec.com.ar\/web\/wp-json\/wp\/v2\/media?parent=1920"}],"wp:term":[{"taxonomy":"product_cat","embeddable":true,"href":"https:\/\/instrutec.com.ar\/web\/wp-json\/wp\/v2\/product_cat?post=1920"},{"taxonomy":"product_tag","embeddable":true,"href":"https:\/\/instrutec.com.ar\/web\/wp-json\/wp\/v2\/product_tag?post=1920"}],"curies":[{"name":"wp","href":"https:\/\/api.w.org\/{rel}","templated":true}]}}