{"id":1917,"date":"2019-08-12T14:02:04","date_gmt":"2019-08-12T14:02:04","guid":{"rendered":"http:\/\/166.62.89.205\/~instrutec\/?post_type=product&#038;p=1917"},"modified":"2025-10-23T14:35:58","modified_gmt":"2025-10-23T14:35:58","slug":"monitor-de-cloro-total","status":"publish","type":"product","link":"https:\/\/instrutec.com.ar\/web\/product\/monitor-de-cloro-total\/","title":{"rendered":"MONITOR DE CLORO TOTAL"},"content":{"rendered":"","protected":false},"excerpt":{"rendered":"<p><strong>MARCA: ATI<\/strong><\/p>\n<p><strong>MODELO: Q46H \/ 79PR<\/strong><\/p>\n<p>Este sistema de medici\u00f3n directa no requiere la adici\u00f3n de reactivos qu\u00edmicos para medir el cloro total. El Q46H \/ 79PR es ideal para sistemas de agua potable, sistemas de reutilizaci\u00f3n de agua, torres de enfriamiento, acuarios y para el monitoreo de efluentes de tratamiento de aguas residuales.<\/p>\n<p><a href=\"http:\/\/instrutec.com.ar\/web\/wp-content\/uploads\/2019\/11\/MONITOR-DE-CALIDAD-DE-AGUA.-CLORO-RESIDUAL-Q46H-79PR.pdf\" target=\"_blank\" rel=\"noopener\">Ver cat\u00e1logo<\/a><\/p>\n","protected":false},"featured_media":2726,"template":"","meta":[],"product_cat":[393,264],"product_tag":[],"class_list":{"0":"post-1917","1":"product","2":"type-product","3":"status-publish","4":"has-post-thumbnail","6":"product_cat-analizadores-de-proceso","7":"product_cat-monitoreo-de-calidad-de-agua","8":"marca-ati","10":"first","11":"instock","12":"downloadable","13":"shipping-taxable","14":"product-type-simple"},"_links":{"self":[{"href":"https:\/\/instrutec.com.ar\/web\/wp-json\/wp\/v2\/product\/1917","targetHints":{"allow":["GET"]}}],"collection":[{"href":"https:\/\/instrutec.com.ar\/web\/wp-json\/wp\/v2\/product"}],"about":[{"href":"https:\/\/instrutec.com.ar\/web\/wp-json\/wp\/v2\/types\/product"}],"wp:featuredmedia":[{"embeddable":true,"href":"https:\/\/instrutec.com.ar\/web\/wp-json\/wp\/v2\/media\/2726"}],"wp:attachment":[{"href":"https:\/\/instrutec.com.ar\/web\/wp-json\/wp\/v2\/media?parent=1917"}],"wp:term":[{"taxonomy":"product_cat","embeddable":true,"href":"https:\/\/instrutec.com.ar\/web\/wp-json\/wp\/v2\/product_cat?post=1917"},{"taxonomy":"product_tag","embeddable":true,"href":"https:\/\/instrutec.com.ar\/web\/wp-json\/wp\/v2\/product_tag?post=1917"}],"curies":[{"name":"wp","href":"https:\/\/api.w.org\/{rel}","templated":true}]}}