{"id":1915,"date":"2019-08-12T13:53:33","date_gmt":"2019-08-12T13:53:33","guid":{"rendered":"http:\/\/166.62.89.205\/~instrutec\/?post_type=product&#038;p=1915"},"modified":"2025-10-23T14:38:04","modified_gmt":"2025-10-23T14:38:04","slug":"monitor-de-amoniaco","status":"publish","type":"product","link":"https:\/\/instrutec.com.ar\/web\/product\/monitor-de-amoniaco\/","title":{"rendered":"MONITOR DE AMONIACO"},"content":{"rendered":"","protected":false},"excerpt":{"rendered":"<p><strong>MARCA: ATI<\/strong><\/p>\n<p><strong>MODELO: Q46N<\/strong><\/p>\n<p>Utiliza una reacci\u00f3n qu\u00edmica que convierte el amon\u00edaco en soluci\u00f3n en un compuesto de monocloramina estable equivalente en concentraci\u00f3n al nivel de amon\u00edaco original. La concentraci\u00f3n de cloramina se mide con un sensor amperom\u00e9trico \u00fanico que responde linealmente a las cloraminas y elimina la interferencia del exceso de cloro libre en la soluci\u00f3n.<\/p>\n<p><a href=\"http:\/\/instrutec.com.ar\/web\/wp-content\/uploads\/2019\/11\/MONITOR-DE-CALIDAD-DE-AGUA.-AMONIA-Q46N.pdf\" target=\"_blank\" rel=\"noopener\">Ver cat\u00e1logo<\/a><\/p>\n","protected":false},"featured_media":2728,"template":"","meta":[],"product_cat":[393,264],"product_tag":[],"class_list":{"0":"post-1915","1":"product","2":"type-product","3":"status-publish","4":"has-post-thumbnail","6":"product_cat-analizadores-de-proceso","7":"product_cat-monitoreo-de-calidad-de-agua","8":"marca-ati","10":"first","11":"instock","12":"downloadable","13":"shipping-taxable","14":"product-type-simple"},"_links":{"self":[{"href":"https:\/\/instrutec.com.ar\/web\/wp-json\/wp\/v2\/product\/1915","targetHints":{"allow":["GET"]}}],"collection":[{"href":"https:\/\/instrutec.com.ar\/web\/wp-json\/wp\/v2\/product"}],"about":[{"href":"https:\/\/instrutec.com.ar\/web\/wp-json\/wp\/v2\/types\/product"}],"wp:featuredmedia":[{"embeddable":true,"href":"https:\/\/instrutec.com.ar\/web\/wp-json\/wp\/v2\/media\/2728"}],"wp:attachment":[{"href":"https:\/\/instrutec.com.ar\/web\/wp-json\/wp\/v2\/media?parent=1915"}],"wp:term":[{"taxonomy":"product_cat","embeddable":true,"href":"https:\/\/instrutec.com.ar\/web\/wp-json\/wp\/v2\/product_cat?post=1915"},{"taxonomy":"product_tag","embeddable":true,"href":"https:\/\/instrutec.com.ar\/web\/wp-json\/wp\/v2\/product_tag?post=1915"}],"curies":[{"name":"wp","href":"https:\/\/api.w.org\/{rel}","templated":true}]}}