{"id":1914,"date":"2019-08-12T13:31:07","date_gmt":"2019-08-12T13:31:07","guid":{"rendered":"http:\/\/166.62.89.205\/~instrutec\/?post_type=product&#038;p=1914"},"modified":"2025-10-23T14:40:47","modified_gmt":"2025-10-23T14:40:47","slug":"monitor-de-agua","status":"publish","type":"product","link":"https:\/\/instrutec.com.ar\/web\/product\/monitor-de-agua\/","title":{"rendered":"MONITOR DE AGUA MULTIPAR\u00c1METRO"},"content":{"rendered":"","protected":false},"excerpt":{"rendered":"<p><strong>MARCA: METRINET<\/strong><\/p>\n<p><strong>MODELO: MULTIPAR\u00c1METRO METRINET Q52<\/strong><\/p>\n<p>Es un sistema modular de baja potencia para monitorear los par\u00e1metros de calidad del agua y recopilar datos en ubicaciones remotas. Proporcionando un paquete de monitoreo robusto de hasta ocho par\u00e1metros diferentes y una recopilaci\u00f3n y transmisi\u00f3n confiable de los datos adquiridos mediante m\u00f3dem celular, Wi-Fi, Modbus cableado, Ethernet \/ IP o Profibus DP, as\u00ed como almacenamiento de datos basado en la nube.<\/p>\n<p><a href=\"https:\/\/instrutec.com.ar\/web\/wp-content\/uploads\/2025\/10\/ATI-DS-04741-EN_Q52-MetriNet-Multi-Parameter-Monitor-Product-Data-Sheet.pdf\" target=\"_blank\" rel=\"noopener\">Ver cat\u00e1logo<\/a><\/p>\n","protected":false},"featured_media":2730,"template":"","meta":[],"product_cat":[393,264],"product_tag":[],"class_list":{"0":"post-1914","1":"product","2":"type-product","3":"status-publish","4":"has-post-thumbnail","6":"product_cat-analizadores-de-proceso","7":"product_cat-monitoreo-de-calidad-de-agua","8":"marca-metrinet","10":"first","11":"instock","12":"downloadable","13":"shipping-taxable","14":"product-type-simple"},"_links":{"self":[{"href":"https:\/\/instrutec.com.ar\/web\/wp-json\/wp\/v2\/product\/1914","targetHints":{"allow":["GET"]}}],"collection":[{"href":"https:\/\/instrutec.com.ar\/web\/wp-json\/wp\/v2\/product"}],"about":[{"href":"https:\/\/instrutec.com.ar\/web\/wp-json\/wp\/v2\/types\/product"}],"wp:featuredmedia":[{"embeddable":true,"href":"https:\/\/instrutec.com.ar\/web\/wp-json\/wp\/v2\/media\/2730"}],"wp:attachment":[{"href":"https:\/\/instrutec.com.ar\/web\/wp-json\/wp\/v2\/media?parent=1914"}],"wp:term":[{"taxonomy":"product_cat","embeddable":true,"href":"https:\/\/instrutec.com.ar\/web\/wp-json\/wp\/v2\/product_cat?post=1914"},{"taxonomy":"product_tag","embeddable":true,"href":"https:\/\/instrutec.com.ar\/web\/wp-json\/wp\/v2\/product_tag?post=1914"}],"curies":[{"name":"wp","href":"https:\/\/api.w.org\/{rel}","templated":true}]}}