{"id":1885,"date":"2019-08-12T13:04:06","date_gmt":"2019-08-12T13:04:06","guid":{"rendered":"http:\/\/166.62.89.205\/~instrutec\/?post_type=product&#038;p=1885"},"modified":"2025-10-23T14:41:56","modified_gmt":"2025-10-23T14:41:56","slug":"monitor-de-acido-paracetico","status":"publish","type":"product","link":"https:\/\/instrutec.com.ar\/web\/product\/monitor-de-acido-paracetico\/","title":{"rendered":"MONITOR DE ACIDO PARACETICO"},"content":{"rendered":"","protected":false},"excerpt":{"rendered":"<p><strong>MARCA: ATI<\/strong><\/p>\n<p><strong>MODELO: Q46\/85<\/strong><\/p>\n<p>El monitor de \u00e1cido perac\u00e9tico Q46 \/ 85 utiliza una sonda polarogr\u00e1fica de detecci\u00f3n directa.\u00a0La sonda se usa normalmente en una celda de flujo, pero tambi\u00e9n est\u00e1 disponible un sensor sumergible. La medici\u00f3n es selectiva para PAA y no se ve afectada por cambios en la concentraci\u00f3n de per\u00f3xido de hidr\u00f3geno, que siempre est\u00e1 presente en las soluciones de PAA.<\/p>\n<p><a href=\"https:\/\/instrutec.com.ar\/web\/wp-content\/uploads\/2025\/10\/ATI-DS-04994-EN_Q45-85-Peracetic-Acid-Transmitter.pdf\" target=\"_blank\" rel=\"noopener\">Ver cat\u00e1logo<\/a><\/p>\n<p>&nbsp;<\/p>\n","protected":false},"featured_media":2732,"template":"","meta":[],"product_cat":[393,264],"product_tag":[],"class_list":{"0":"post-1885","1":"product","2":"type-product","3":"status-publish","4":"has-post-thumbnail","6":"product_cat-analizadores-de-proceso","7":"product_cat-monitoreo-de-calidad-de-agua","8":"marca-ati","10":"first","11":"instock","12":"downloadable","13":"shipping-taxable","14":"product-type-simple"},"_links":{"self":[{"href":"https:\/\/instrutec.com.ar\/web\/wp-json\/wp\/v2\/product\/1885","targetHints":{"allow":["GET"]}}],"collection":[{"href":"https:\/\/instrutec.com.ar\/web\/wp-json\/wp\/v2\/product"}],"about":[{"href":"https:\/\/instrutec.com.ar\/web\/wp-json\/wp\/v2\/types\/product"}],"wp:featuredmedia":[{"embeddable":true,"href":"https:\/\/instrutec.com.ar\/web\/wp-json\/wp\/v2\/media\/2732"}],"wp:attachment":[{"href":"https:\/\/instrutec.com.ar\/web\/wp-json\/wp\/v2\/media?parent=1885"}],"wp:term":[{"taxonomy":"product_cat","embeddable":true,"href":"https:\/\/instrutec.com.ar\/web\/wp-json\/wp\/v2\/product_cat?post=1885"},{"taxonomy":"product_tag","embeddable":true,"href":"https:\/\/instrutec.com.ar\/web\/wp-json\/wp\/v2\/product_tag?post=1885"}],"curies":[{"name":"wp","href":"https:\/\/api.w.org\/{rel}","templated":true}]}}