{"id":1860,"date":"2019-08-09T19:25:48","date_gmt":"2019-08-09T19:25:48","guid":{"rendered":"http:\/\/166.62.89.205\/~instrutec\/?post_type=product&#038;p=1860"},"modified":"2025-10-15T14:25:02","modified_gmt":"2025-10-15T14:25:02","slug":"dew-point-mmr-101","status":"publish","type":"product","link":"https:\/\/instrutec.com.ar\/web\/product\/dew-point-mmr-101\/","title":{"rendered":"DEW PRO MMY30"},"content":{"rendered":"","protected":false},"excerpt":{"rendered":"<p><strong>MARCA: <\/strong><strong>PANAMETRICS<\/strong><\/p>\n<p><strong>MODELO: DEWPRO MMY30<\/strong><\/p>\n<p>El DewPro MMY30 es un transmisor alimentado por lazo con una salida de 4 a 20 mA. Est\u00e1 dise\u00f1ado espec\u00edficamente para medir el punto de roc\u00edo o ppm en gases a presi\u00f3n de l\u00ednea o atmosf\u00e9rica. El sensor planar de \u00f3xido de aluminio ofrece una excelente resistencia a la corrosi\u00f3n, mayor estabilidad de calibraci\u00f3n, tiempos de respuesta r\u00e1pidos y un coeficiente de temperatura excepcionalmente bajo. La pantalla integrada opcional con interfaz de usuario ofrece funciones completas de programaci\u00f3n y diagn\u00f3stico. El DewPro MMY30 cuenta con una celda de flujo integrada para filtraci\u00f3n y regulaci\u00f3n de caudal, lo que lo hace ideal para monitorear el contenido de humedad en diversos entornos de proceso. Hay varias opciones disponibles para la conexi\u00f3n al proceso, lo que facilita la instalaci\u00f3n del transmisor. Sus aplicaciones incluyen secadores de aire desecantes, gas natural en tuber\u00edas y gases industriales.<\/p>\n<p><a href=\"http:\/\/instrutec.com.ar\/web\/wp-content\/uploads\/2019\/11\/ANALIZADORES-CON-CELDAS-DE-OXIDO-DE-ALUMINIO.-DEW-PRO-MMR31.pdf\" target=\"_blank\" rel=\"noopener\">Ver cat\u00e1logo<\/a><\/p>\n","protected":false},"featured_media":2679,"template":"","meta":[],"product_cat":[260,259],"product_tag":[],"class_list":{"0":"post-1860","1":"product","2":"type-product","3":"status-publish","4":"has-post-thumbnail","6":"product_cat-analizadores-de-humedad-con-celdas-de-oxido-de-aluminio","7":"product_cat-humedad","8":"marca-panametrics","10":"first","11":"instock","12":"downloadable","13":"shipping-taxable","14":"product-type-simple"},"_links":{"self":[{"href":"https:\/\/instrutec.com.ar\/web\/wp-json\/wp\/v2\/product\/1860","targetHints":{"allow":["GET"]}}],"collection":[{"href":"https:\/\/instrutec.com.ar\/web\/wp-json\/wp\/v2\/product"}],"about":[{"href":"https:\/\/instrutec.com.ar\/web\/wp-json\/wp\/v2\/types\/product"}],"wp:featuredmedia":[{"embeddable":true,"href":"https:\/\/instrutec.com.ar\/web\/wp-json\/wp\/v2\/media\/2679"}],"wp:attachment":[{"href":"https:\/\/instrutec.com.ar\/web\/wp-json\/wp\/v2\/media?parent=1860"}],"wp:term":[{"taxonomy":"product_cat","embeddable":true,"href":"https:\/\/instrutec.com.ar\/web\/wp-json\/wp\/v2\/product_cat?post=1860"},{"taxonomy":"product_tag","embeddable":true,"href":"https:\/\/instrutec.com.ar\/web\/wp-json\/wp\/v2\/product_tag?post=1860"}],"curies":[{"name":"wp","href":"https:\/\/api.w.org\/{rel}","templated":true}]}}