{"id":1859,"date":"2019-08-09T19:23:48","date_gmt":"2019-08-09T19:23:48","guid":{"rendered":"http:\/\/166.62.89.205\/~instrutec\/?post_type=product&#038;p=1859"},"modified":"2025-10-15T14:37:12","modified_gmt":"2025-10-15T14:37:12","slug":"higrometro-pm-880","status":"publish","type":"product","link":"https:\/\/instrutec.com.ar\/web\/product\/higrometro-pm-880\/","title":{"rendered":"HIGROMETRO PM 880"},"content":{"rendered":"","protected":false},"excerpt":{"rendered":"<p><strong>MARCA: PANAMETRICS <\/strong><\/p>\n<p><strong>MODELO: PM 880<\/strong><\/p>\n<p>Higr\u00f3metro port\u00e1til para medir el contenido de humedad de gases y l\u00edquidos industriales. Con bater\u00edas recargables con duraci\u00f3n de 24 horas. Con carcasa de protecci\u00f3n IP67, NEMA 4x.<\/p>\n<p><a href=\"https:\/\/instrutec.com.ar\/web\/wp-content\/uploads\/2025\/10\/PM880-Panametrics-Portable-Hygrometer-EN-datasheet-BHCS38678.pdf\" target=\"_blank\" rel=\"noopener\">Ver cat\u00e1logo<\/a><\/p>\n","protected":false},"featured_media":2695,"template":"","meta":[],"product_cat":[325,259],"product_tag":[],"class_list":{"0":"post-1859","1":"product","2":"type-product","3":"status-publish","4":"has-post-thumbnail","6":"product_cat-higrometro-portatil","7":"product_cat-humedad","8":"marca-panametrics","10":"first","11":"instock","12":"downloadable","13":"shipping-taxable","14":"product-type-simple"},"_links":{"self":[{"href":"https:\/\/instrutec.com.ar\/web\/wp-json\/wp\/v2\/product\/1859","targetHints":{"allow":["GET"]}}],"collection":[{"href":"https:\/\/instrutec.com.ar\/web\/wp-json\/wp\/v2\/product"}],"about":[{"href":"https:\/\/instrutec.com.ar\/web\/wp-json\/wp\/v2\/types\/product"}],"wp:featuredmedia":[{"embeddable":true,"href":"https:\/\/instrutec.com.ar\/web\/wp-json\/wp\/v2\/media\/2695"}],"wp:attachment":[{"href":"https:\/\/instrutec.com.ar\/web\/wp-json\/wp\/v2\/media?parent=1859"}],"wp:term":[{"taxonomy":"product_cat","embeddable":true,"href":"https:\/\/instrutec.com.ar\/web\/wp-json\/wp\/v2\/product_cat?post=1859"},{"taxonomy":"product_tag","embeddable":true,"href":"https:\/\/instrutec.com.ar\/web\/wp-json\/wp\/v2\/product_tag?post=1859"}],"curies":[{"name":"wp","href":"https:\/\/api.w.org\/{rel}","templated":true}]}}