{"id":1857,"date":"2019-08-09T19:14:55","date_gmt":"2019-08-09T19:14:55","guid":{"rendered":"http:\/\/166.62.89.205\/~instrutec\/?post_type=product&#038;p=1857"},"modified":"2025-10-15T14:27:14","modified_gmt":"2025-10-15T14:27:14","slug":"optica","status":"publish","type":"product","link":"https:\/\/instrutec.com.ar\/web\/product\/optica\/","title":{"rendered":"OPTICA"},"content":{"rendered":"","protected":false},"excerpt":{"rendered":"<p><strong>MARCA: PANAMETRICS<\/strong><\/p>\n<p><strong>MODELO: OPTICA<\/strong><\/p>\n<p>Los higr\u00f3metros de espejo fr\u00edo de la serie Optica ofrecen mediciones de humedad, temperatura y presi\u00f3n trazables al Instituto Nacional de Est\u00e1ndares y Tecnolog\u00edas (NIST) para la generaci\u00f3n conectada. Ahora, los datos son accesibles desde cualquier lugar y en cualquier momento, desde un navegador a trav\u00e9s de internet o desde su intranet.<\/p>\n<p><a href=\"https:\/\/instrutec.com.ar\/web\/wp-content\/uploads\/2025\/10\/BHCS38796-Panametrics-Optica-Chilled-Datasheet_R7.pdf\" target=\"_blank\" rel=\"noopener\">Ver cat\u00e1logo<\/a><\/p>\n","protected":false},"featured_media":2690,"template":"","meta":[],"product_cat":[262,259],"product_tag":[],"class_list":{"0":"post-1857","1":"product","2":"type-product","3":"status-publish","4":"has-post-thumbnail","6":"product_cat-higrometro-optico-de-espejo-enfriado","7":"product_cat-humedad","8":"marca-panametrics","10":"first","11":"instock","12":"downloadable","13":"shipping-taxable","14":"product-type-simple"},"_links":{"self":[{"href":"https:\/\/instrutec.com.ar\/web\/wp-json\/wp\/v2\/product\/1857","targetHints":{"allow":["GET"]}}],"collection":[{"href":"https:\/\/instrutec.com.ar\/web\/wp-json\/wp\/v2\/product"}],"about":[{"href":"https:\/\/instrutec.com.ar\/web\/wp-json\/wp\/v2\/types\/product"}],"wp:featuredmedia":[{"embeddable":true,"href":"https:\/\/instrutec.com.ar\/web\/wp-json\/wp\/v2\/media\/2690"}],"wp:attachment":[{"href":"https:\/\/instrutec.com.ar\/web\/wp-json\/wp\/v2\/media?parent=1857"}],"wp:term":[{"taxonomy":"product_cat","embeddable":true,"href":"https:\/\/instrutec.com.ar\/web\/wp-json\/wp\/v2\/product_cat?post=1857"},{"taxonomy":"product_tag","embeddable":true,"href":"https:\/\/instrutec.com.ar\/web\/wp-json\/wp\/v2\/product_tag?post=1857"}],"curies":[{"name":"wp","href":"https:\/\/api.w.org\/{rel}","templated":true}]}}