{"id":1855,"date":"2019-08-09T19:05:34","date_gmt":"2019-08-09T19:05:34","guid":{"rendered":"http:\/\/166.62.89.205\/~instrutec\/?post_type=product&#038;p=1855"},"modified":"2025-10-15T14:25:08","modified_gmt":"2025-10-15T14:25:08","slug":"dew-point-mmr-31","status":"publish","type":"product","link":"https:\/\/instrutec.com.ar\/web\/product\/dew-point-mmr-31\/","title":{"rendered":"DEW PRO MMY31"},"content":{"rendered":"","protected":false},"excerpt":{"rendered":"<p><strong>MARCA: PANAMETRICS<\/strong><\/p>\n<p><strong>MODELO: DEWPRO MMY31<\/strong><\/p>\n<p>El DewPro MMY31 mide el punto de roc\u00edo o ppmv en gases. Es un transmisor de punto de roc\u00edo rentable, alimentado por lazo, dise\u00f1ado para instalaciones en l\u00ednea donde se requiere la medici\u00f3n de trazas de humedad. El sensor planar de \u00f3xido de aluminio ofrece una excelente resistencia a la corrosi\u00f3n, mayor estabilidad de calibraci\u00f3n, tiempos de respuesta r\u00e1pidos y un coeficiente de temperatura excepcionalmente bajo.<br \/>\nEl DewPro MMY31 se instala directamente en l\u00ednea en el gas de proceso, donde no es adecuada una instalaci\u00f3n de derivaci\u00f3n. Se instala f\u00e1cilmente mediante diversos accesorios de compresi\u00f3n de longitud de inserci\u00f3n ajustable. La pantalla integrada opcional con interfaz de usuario proporciona una completa capacidad de programaci\u00f3n y diagn\u00f3stico.<br \/>\nLas aplicaciones incluyen cajas de guantes, c\u00e1maras ambientales, c\u00e1maras de prueba y otras ubicaciones donde se requiere la inserci\u00f3n directa.<\/p>\n<p><a href=\"https:\/\/instrutec.com.ar\/web\/wp-content\/uploads\/2025\/10\/BHCS38759-Panametrics-DewPro-MMY31-Datasheet_R2.pdf\" target=\"_blank\" rel=\"noopener\">Ver cat\u00e1logo<\/a><\/p>\n","protected":false},"featured_media":2679,"template":"","meta":[],"product_cat":[260,259],"product_tag":[],"class_list":{"0":"post-1855","1":"product","2":"type-product","3":"status-publish","4":"has-post-thumbnail","6":"product_cat-analizadores-de-humedad-con-celdas-de-oxido-de-aluminio","7":"product_cat-humedad","8":"marca-panametrics","10":"first","11":"instock","12":"downloadable","13":"shipping-taxable","14":"product-type-simple"},"_links":{"self":[{"href":"https:\/\/instrutec.com.ar\/web\/wp-json\/wp\/v2\/product\/1855","targetHints":{"allow":["GET"]}}],"collection":[{"href":"https:\/\/instrutec.com.ar\/web\/wp-json\/wp\/v2\/product"}],"about":[{"href":"https:\/\/instrutec.com.ar\/web\/wp-json\/wp\/v2\/types\/product"}],"wp:featuredmedia":[{"embeddable":true,"href":"https:\/\/instrutec.com.ar\/web\/wp-json\/wp\/v2\/media\/2679"}],"wp:attachment":[{"href":"https:\/\/instrutec.com.ar\/web\/wp-json\/wp\/v2\/media?parent=1855"}],"wp:term":[{"taxonomy":"product_cat","embeddable":true,"href":"https:\/\/instrutec.com.ar\/web\/wp-json\/wp\/v2\/product_cat?post=1855"},{"taxonomy":"product_tag","embeddable":true,"href":"https:\/\/instrutec.com.ar\/web\/wp-json\/wp\/v2\/product_tag?post=1855"}],"curies":[{"name":"wp","href":"https:\/\/api.w.org\/{rel}","templated":true}]}}