{"id":1852,"date":"2019-08-09T18:56:20","date_gmt":"2019-08-09T18:56:20","guid":{"rendered":"http:\/\/166.62.89.205\/~instrutec\/?post_type=product&#038;p=1852"},"modified":"2025-10-15T14:25:15","modified_gmt":"2025-10-15T14:25:15","slug":"dew-iq","status":"publish","type":"product","link":"https:\/\/instrutec.com.ar\/web\/product\/dew-iq\/","title":{"rendered":"DEW IQ"},"content":{"rendered":"","protected":false},"excerpt":{"rendered":"<p><strong>MARCA: PANAMETRICS<\/strong><\/p>\n<p><strong>MODELO: DEW IQ<\/strong><\/p>\n<p>Analizador\u00a0 de rango medio, con un solo canal de humedad de gases y l\u00edquidos con pantalla LCD con teclado, salida anal\u00f3gica aislada (corriente o tensi\u00f3n), para trabajar con sondas de humedad serie M.<\/p>\n<p><a href=\"https:\/\/instrutec.com.ar\/web\/wp-content\/uploads\/2025\/10\/dew.IQ-Moisture-Analyzer-Datasheet.pdf\" target=\"_blank\" rel=\"noopener\">Ver cat\u00e1logo<\/a><\/p>\n","protected":false},"featured_media":2676,"template":"","meta":[],"product_cat":[260,259],"product_tag":[],"class_list":{"0":"post-1852","1":"product","2":"type-product","3":"status-publish","4":"has-post-thumbnail","6":"product_cat-analizadores-de-humedad-con-celdas-de-oxido-de-aluminio","7":"product_cat-humedad","8":"marca-panametrics","10":"first","11":"instock","12":"downloadable","13":"shipping-taxable","14":"product-type-simple"},"_links":{"self":[{"href":"https:\/\/instrutec.com.ar\/web\/wp-json\/wp\/v2\/product\/1852","targetHints":{"allow":["GET"]}}],"collection":[{"href":"https:\/\/instrutec.com.ar\/web\/wp-json\/wp\/v2\/product"}],"about":[{"href":"https:\/\/instrutec.com.ar\/web\/wp-json\/wp\/v2\/types\/product"}],"wp:featuredmedia":[{"embeddable":true,"href":"https:\/\/instrutec.com.ar\/web\/wp-json\/wp\/v2\/media\/2676"}],"wp:attachment":[{"href":"https:\/\/instrutec.com.ar\/web\/wp-json\/wp\/v2\/media?parent=1852"}],"wp:term":[{"taxonomy":"product_cat","embeddable":true,"href":"https:\/\/instrutec.com.ar\/web\/wp-json\/wp\/v2\/product_cat?post=1852"},{"taxonomy":"product_tag","embeddable":true,"href":"https:\/\/instrutec.com.ar\/web\/wp-json\/wp\/v2\/product_tag?post=1852"}],"curies":[{"name":"wp","href":"https:\/\/api.w.org\/{rel}","templated":true}]}}