{"id":1851,"date":"2019-08-09T18:53:30","date_gmt":"2019-08-09T18:53:30","guid":{"rendered":"http:\/\/166.62.89.205\/~instrutec\/?post_type=product&#038;p=1851"},"modified":"2025-10-15T14:25:21","modified_gmt":"2025-10-15T14:25:21","slug":"moisture-iq","status":"publish","type":"product","link":"https:\/\/instrutec.com.ar\/web\/product\/moisture-iq\/","title":{"rendered":"MOISTURE IQ"},"content":{"rendered":"","protected":false},"excerpt":{"rendered":"<p><strong>MARCA: PANAMETRICS<\/strong><\/p>\n<p><strong>MODELO: MOISTURE IQ<\/strong><\/p>\n<p>Analizador de humedad a base de \u00f3xido de aluminio multicanal y multifunci\u00f3n. Mide trazas de humedad, presi\u00f3n y temperatura en l\u00edquidos y gases no acuosos. Tambi\u00e9n acepta entradas de sensores electroqu\u00edmicos para medir las concentraciones de ox\u00edgeno en gases.<\/p>\n<p><a href=\"https:\/\/instrutec.com.ar\/web\/wp-content\/uploads\/2025\/10\/BHCS38681A-Panametrics-Moisture-IQ-Datasheet_8.5x11in_CMYK_R3.pdf\" target=\"_blank\" rel=\"noopener\">Ver cat\u00e1logo<\/a><\/p>\n","protected":false},"featured_media":2683,"template":"","meta":[],"product_cat":[260,259],"product_tag":[],"class_list":{"0":"post-1851","1":"product","2":"type-product","3":"status-publish","4":"has-post-thumbnail","6":"product_cat-analizadores-de-humedad-con-celdas-de-oxido-de-aluminio","7":"product_cat-humedad","8":"marca-panametrics","10":"first","11":"instock","12":"downloadable","13":"shipping-taxable","14":"product-type-simple"},"_links":{"self":[{"href":"https:\/\/instrutec.com.ar\/web\/wp-json\/wp\/v2\/product\/1851","targetHints":{"allow":["GET"]}}],"collection":[{"href":"https:\/\/instrutec.com.ar\/web\/wp-json\/wp\/v2\/product"}],"about":[{"href":"https:\/\/instrutec.com.ar\/web\/wp-json\/wp\/v2\/types\/product"}],"wp:featuredmedia":[{"embeddable":true,"href":"https:\/\/instrutec.com.ar\/web\/wp-json\/wp\/v2\/media\/2683"}],"wp:attachment":[{"href":"https:\/\/instrutec.com.ar\/web\/wp-json\/wp\/v2\/media?parent=1851"}],"wp:term":[{"taxonomy":"product_cat","embeddable":true,"href":"https:\/\/instrutec.com.ar\/web\/wp-json\/wp\/v2\/product_cat?post=1851"},{"taxonomy":"product_tag","embeddable":true,"href":"https:\/\/instrutec.com.ar\/web\/wp-json\/wp\/v2\/product_tag?post=1851"}],"curies":[{"name":"wp","href":"https:\/\/api.w.org\/{rel}","templated":true}]}}