{"id":1850,"date":"2019-08-09T18:51:07","date_gmt":"2019-08-09T18:51:07","guid":{"rendered":"http:\/\/166.62.89.205\/~instrutec\/?post_type=product&#038;p=1850"},"modified":"2025-10-15T14:25:28","modified_gmt":"2025-10-15T14:25:28","slug":"transmisor-de-humedad-hygropro","status":"publish","type":"product","link":"https:\/\/instrutec.com.ar\/web\/product\/transmisor-de-humedad-hygropro\/","title":{"rendered":"TRANSMISOR DE HUMEDAD HYGROPRO II"},"content":{"rendered":"","protected":false},"excerpt":{"rendered":"<p><strong>MARCA: PANAMETRIC<\/strong><\/p>\n<p><strong>MODELO: HYGROPRO II<\/strong><\/p>\n<p>Mide el contenido de humedad en gases y l\u00edquidos no acuosos en aplicaciones de gas natural, petroqu\u00edmico y generaci\u00f3n de energ\u00eda. Cuenta con un sensor de humedad de \u00f3xido de aluminio, un termistor de temperatura y un transductor de presi\u00f3n.<\/p>\n<p><a href=\"https:\/\/instrutec.com.ar\/web\/wp-content\/uploads\/2025\/10\/BHCS38682-Panametrics-HygroPro-Datasheet_R17.pdf\" target=\"_blank\" rel=\"noopener\">Ver cat\u00e1logo<\/a><\/p>\n","protected":false},"featured_media":2685,"template":"","meta":[],"product_cat":[260,259],"product_tag":[],"class_list":{"0":"post-1850","1":"product","2":"type-product","3":"status-publish","4":"has-post-thumbnail","6":"product_cat-analizadores-de-humedad-con-celdas-de-oxido-de-aluminio","7":"product_cat-humedad","8":"marca-panametrics","10":"first","11":"instock","12":"featured","13":"downloadable","14":"shipping-taxable","15":"product-type-simple"},"_links":{"self":[{"href":"https:\/\/instrutec.com.ar\/web\/wp-json\/wp\/v2\/product\/1850","targetHints":{"allow":["GET"]}}],"collection":[{"href":"https:\/\/instrutec.com.ar\/web\/wp-json\/wp\/v2\/product"}],"about":[{"href":"https:\/\/instrutec.com.ar\/web\/wp-json\/wp\/v2\/types\/product"}],"wp:featuredmedia":[{"embeddable":true,"href":"https:\/\/instrutec.com.ar\/web\/wp-json\/wp\/v2\/media\/2685"}],"wp:attachment":[{"href":"https:\/\/instrutec.com.ar\/web\/wp-json\/wp\/v2\/media?parent=1850"}],"wp:term":[{"taxonomy":"product_cat","embeddable":true,"href":"https:\/\/instrutec.com.ar\/web\/wp-json\/wp\/v2\/product_cat?post=1850"},{"taxonomy":"product_tag","embeddable":true,"href":"https:\/\/instrutec.com.ar\/web\/wp-json\/wp\/v2\/product_tag?post=1850"}],"curies":[{"name":"wp","href":"https:\/\/api.w.org\/{rel}","templated":true}]}}