{"id":1849,"date":"2019-08-09T18:48:01","date_gmt":"2019-08-09T18:48:01","guid":{"rendered":"http:\/\/166.62.89.205\/~instrutec\/?post_type=product&#038;p=1849"},"modified":"2025-10-15T12:53:02","modified_gmt":"2025-10-15T12:53:02","slug":"aurora-19","status":"publish","type":"product","link":"https:\/\/instrutec.com.ar\/web\/product\/aurora-19\/","title":{"rendered":"AURORA"},"content":{"rendered":"","protected":false},"excerpt":{"rendered":"<p><strong>MARCA: PANAMETRIC<\/strong><\/p>\n<p><strong>MODELO: AURORA<\/strong><\/p>\n<p>El analizador Panametrics Aurora utiliza espectroscopia de absorci\u00f3n por l\u00e1ser de diodo sintonizable (TDLAS) para medir la humedad en diversos gases de fondo con rapidez y precisi\u00f3n. El analizador es apto para su instalaci\u00f3n en zonas peligrosas y funciona en una amplia gama de condiciones ambientales.<\/p>\n<p><a href=\"https:\/\/instrutec.com.ar\/web\/wp-content\/uploads\/2025\/10\/BHCS38655-Aurora_Datasheet_R3.pdf\" target=\"_blank\" rel=\"noopener\">Ver cat\u00e1logo<\/a><\/p>\n","protected":false},"featured_media":2667,"template":"","meta":[],"product_cat":[261],"product_tag":[],"class_list":{"0":"post-1849","1":"product","2":"type-product","3":"status-publish","4":"has-post-thumbnail","6":"product_cat-analizadores-con-tecnologia-laser","7":"marca-panametrics","9":"first","10":"instock","11":"downloadable","12":"shipping-taxable","13":"product-type-simple"},"_links":{"self":[{"href":"https:\/\/instrutec.com.ar\/web\/wp-json\/wp\/v2\/product\/1849","targetHints":{"allow":["GET"]}}],"collection":[{"href":"https:\/\/instrutec.com.ar\/web\/wp-json\/wp\/v2\/product"}],"about":[{"href":"https:\/\/instrutec.com.ar\/web\/wp-json\/wp\/v2\/types\/product"}],"wp:featuredmedia":[{"embeddable":true,"href":"https:\/\/instrutec.com.ar\/web\/wp-json\/wp\/v2\/media\/2667"}],"wp:attachment":[{"href":"https:\/\/instrutec.com.ar\/web\/wp-json\/wp\/v2\/media?parent=1849"}],"wp:term":[{"taxonomy":"product_cat","embeddable":true,"href":"https:\/\/instrutec.com.ar\/web\/wp-json\/wp\/v2\/product_cat?post=1849"},{"taxonomy":"product_tag","embeddable":true,"href":"https:\/\/instrutec.com.ar\/web\/wp-json\/wp\/v2\/product_tag?post=1849"}],"curies":[{"name":"wp","href":"https:\/\/api.w.org\/{rel}","templated":true}]}}