{"id":1848,"date":"2019-08-09T18:45:07","date_gmt":"2019-08-09T18:45:07","guid":{"rendered":"http:\/\/166.62.89.205\/~instrutec\/?post_type=product&#038;p=1848"},"modified":"2025-10-15T12:54:32","modified_gmt":"2025-10-15T12:54:32","slug":"aurora-eor","status":"publish","type":"product","link":"https:\/\/instrutec.com.ar\/web\/product\/aurora-eor\/","title":{"rendered":"AURORA RM"},"content":{"rendered":"","protected":false},"excerpt":{"rendered":"<p><strong>MARCA: PANAMETRICS<\/strong><\/p>\n<p><strong>MODELO: AURORA RM<\/strong><\/p>\n<p>El analizador de montaje en rack Aurora RM de Panametrics utiliza espectroscopia de absorci\u00f3n por l\u00e1ser de diodo sintonizable (TDLAS) para medir con precisi\u00f3n la humedad en diversos gases de fondo. El analizador Aurora RM es apto para su instalaci\u00f3n en zonas seguras y funciona en una amplia gama de condiciones ambientales.<\/p>\n<p><a href=\"https:\/\/instrutec.com.ar\/web\/wp-content\/uploads\/2025\/10\/BHCS39319-Aurora-RM-Datasheet_R7.pdf\" target=\"_blank\" rel=\"noopener\">Ver cat\u00e1logo<\/a><\/p>\n","protected":false},"featured_media":2672,"template":"","meta":[],"product_cat":[261],"product_tag":[],"class_list":{"0":"post-1848","1":"product","2":"type-product","3":"status-publish","4":"has-post-thumbnail","6":"product_cat-analizadores-con-tecnologia-laser","7":"marca-panametrics","9":"first","10":"instock","11":"downloadable","12":"shipping-taxable","13":"product-type-simple"},"_links":{"self":[{"href":"https:\/\/instrutec.com.ar\/web\/wp-json\/wp\/v2\/product\/1848","targetHints":{"allow":["GET"]}}],"collection":[{"href":"https:\/\/instrutec.com.ar\/web\/wp-json\/wp\/v2\/product"}],"about":[{"href":"https:\/\/instrutec.com.ar\/web\/wp-json\/wp\/v2\/types\/product"}],"wp:featuredmedia":[{"embeddable":true,"href":"https:\/\/instrutec.com.ar\/web\/wp-json\/wp\/v2\/media\/2672"}],"wp:attachment":[{"href":"https:\/\/instrutec.com.ar\/web\/wp-json\/wp\/v2\/media?parent=1848"}],"wp:term":[{"taxonomy":"product_cat","embeddable":true,"href":"https:\/\/instrutec.com.ar\/web\/wp-json\/wp\/v2\/product_cat?post=1848"},{"taxonomy":"product_tag","embeddable":true,"href":"https:\/\/instrutec.com.ar\/web\/wp-json\/wp\/v2\/product_tag?post=1848"}],"curies":[{"name":"wp","href":"https:\/\/api.w.org\/{rel}","templated":true}]}}