{"id":1800,"date":"2019-08-07T18:17:50","date_gmt":"2019-08-07T18:17:50","guid":{"rendered":"http:\/\/166.62.89.205\/~instrutec\/?post_type=product&#038;p=1800"},"modified":"2025-09-18T12:41:42","modified_gmt":"2025-09-18T12:41:42","slug":"detectores-de-gases-portatiles","status":"publish","type":"product","link":"https:\/\/instrutec.com.ar\/web\/product\/detectores-de-gases-portatiles\/","title":{"rendered":"DETECTOR DE GASES PORTATIL"},"content":{"rendered":"","protected":false},"excerpt":{"rendered":"<p><strong>MARCA: ANALYTICAL TECHNOLOGY, INC<\/strong><\/p>\n<p><strong>MODELO: D16 PORTASENS III<\/strong><\/p>\n<p>Detector port\u00e1til de gases t\u00f3xicos con m\u00e1s de 30 sensores intercambiables. Cuenta con una bomba de diafragma interna y una vara de tefl\u00f3n toma muestras para lograr mediciones en lugares de dif\u00edcil acceso. Alimentaci\u00f3n mediante una bater\u00eda recargable.<\/p>\n<p><span lang=\"es\">El PortaSens III es f\u00edsicamente similar a su predecesor, el PortaSens II que ha estado en servicio durante los \u00faltimos 15 a\u00f1os. El interior del instrumento ha sido completamente redise\u00f1ado con una moderna interfaz de computadora USB, una pantalla t\u00e1ctil a color y un mejorado sistema de control de bomba.<\/span><\/p>\n<p><a href=\"https:\/\/instrutec.com.ar\/web\/wp-content\/uploads\/2025\/09\/D16-Data-Sheet.pdf\" target=\"_blank\" rel=\"noopener\">Ver cat\u00e1logo<\/a><\/p>\n","protected":false},"featured_media":1762,"template":"","meta":[],"product_cat":[336,233,243,244],"product_tag":[350,359,351,358,357],"class_list":{"0":"post-1800","1":"product","2":"type-product","3":"status-publish","4":"has-post-thumbnail","6":"product_cat-ambientales","7":"product_cat-analizadores-de-gases","8":"product_cat-gases-combustibles","9":"product_cat-gases-toxicos","10":"product_tag-detector","11":"product_tag-gas","12":"product_tag-gases","13":"product_tag-portatil","14":"product_tag-sensor","15":"marca-ati","17":"first","18":"instock","19":"shipping-taxable","20":"product-type-simple"},"_links":{"self":[{"href":"https:\/\/instrutec.com.ar\/web\/wp-json\/wp\/v2\/product\/1800","targetHints":{"allow":["GET"]}}],"collection":[{"href":"https:\/\/instrutec.com.ar\/web\/wp-json\/wp\/v2\/product"}],"about":[{"href":"https:\/\/instrutec.com.ar\/web\/wp-json\/wp\/v2\/types\/product"}],"wp:featuredmedia":[{"embeddable":true,"href":"https:\/\/instrutec.com.ar\/web\/wp-json\/wp\/v2\/media\/1762"}],"wp:attachment":[{"href":"https:\/\/instrutec.com.ar\/web\/wp-json\/wp\/v2\/media?parent=1800"}],"wp:term":[{"taxonomy":"product_cat","embeddable":true,"href":"https:\/\/instrutec.com.ar\/web\/wp-json\/wp\/v2\/product_cat?post=1800"},{"taxonomy":"product_tag","embeddable":true,"href":"https:\/\/instrutec.com.ar\/web\/wp-json\/wp\/v2\/product_tag?post=1800"}],"curies":[{"name":"wp","href":"https:\/\/api.w.org\/{rel}","templated":true}]}}