{"id":1799,"date":"2019-08-07T18:13:42","date_gmt":"2019-08-07T18:13:42","guid":{"rendered":"http:\/\/166.62.89.205\/~instrutec\/?post_type=product&#038;p=1799"},"modified":"2025-09-18T12:43:05","modified_gmt":"2025-09-18T12:43:05","slug":"modulo-detector-de-gases-a14-a11","status":"publish","type":"product","link":"https:\/\/instrutec.com.ar\/web\/product\/modulo-detector-de-gases-a14-a11\/","title":{"rendered":"MODULO DETECTOR DE GASES A14-A11"},"content":{"rendered":"","protected":false},"excerpt":{"rendered":"<p><strong>MARCA: ANALYTICAL TECHNOLOGY, INC<\/strong><\/p>\n<p><strong>MODELO: A14 A11 <\/strong><\/p>\n<p>Es un sistema de monitoreo continuo para la detecci\u00f3n de gases peligrosos en ambientes. Est\u00e1 dise\u00f1ado para detectar las fugas de gas de los cilindros de almacenamiento y las tuber\u00edas de proceso. Los sistemas est\u00e1n disponibles para monitoreo de una amplia variedad de gases (Br2, Cl2, ClO2,O3,CO, H2, NO2, etc.). Posee la capacidad de instalar alarmas.<\/p>\n<p><a href=\"http:\/\/instrutec.com.ar\/web\/wp-content\/uploads\/2019\/11\/Modulo-Detector-de-Gases-A14-11.pdf\" target=\"_blank\" rel=\"noopener\">Ver cat\u00e1logo<\/a><\/p>\n","protected":false},"featured_media":1756,"template":"","meta":[],"product_cat":[336,233,244],"product_tag":[360,361,352,350,359,351,362,363,354],"class_list":{"0":"post-1799","1":"product","2":"type-product","3":"status-publish","4":"has-post-thumbnail","6":"product_cat-ambientales","7":"product_cat-analizadores-de-gases","8":"product_cat-gases-toxicos","9":"product_tag-alarma","10":"product_tag-ambiental","11":"product_tag-ambientales","12":"product_tag-detector","13":"product_tag-gas","14":"product_tag-gases","15":"product_tag-gases-toxicos","16":"product_tag-ozono","17":"product_tag-toxicos","18":"marca-ati","20":"first","21":"instock","22":"shipping-taxable","23":"product-type-simple"},"_links":{"self":[{"href":"https:\/\/instrutec.com.ar\/web\/wp-json\/wp\/v2\/product\/1799","targetHints":{"allow":["GET"]}}],"collection":[{"href":"https:\/\/instrutec.com.ar\/web\/wp-json\/wp\/v2\/product"}],"about":[{"href":"https:\/\/instrutec.com.ar\/web\/wp-json\/wp\/v2\/types\/product"}],"wp:featuredmedia":[{"embeddable":true,"href":"https:\/\/instrutec.com.ar\/web\/wp-json\/wp\/v2\/media\/1756"}],"wp:attachment":[{"href":"https:\/\/instrutec.com.ar\/web\/wp-json\/wp\/v2\/media?parent=1799"}],"wp:term":[{"taxonomy":"product_cat","embeddable":true,"href":"https:\/\/instrutec.com.ar\/web\/wp-json\/wp\/v2\/product_cat?post=1799"},{"taxonomy":"product_tag","embeddable":true,"href":"https:\/\/instrutec.com.ar\/web\/wp-json\/wp\/v2\/product_tag?post=1799"}],"curies":[{"name":"wp","href":"https:\/\/api.w.org\/{rel}","templated":true}]}}