{"id":1797,"date":"2019-08-07T18:08:40","date_gmt":"2019-08-07T18:08:40","guid":{"rendered":"http:\/\/166.62.89.205\/~instrutec\/?post_type=product&#038;p=1797"},"modified":"2025-09-18T12:46:31","modified_gmt":"2025-09-18T12:46:31","slug":"transmisor-de-gases-toxicos-d12","status":"publish","type":"product","link":"https:\/\/instrutec.com.ar\/web\/product\/transmisor-de-gases-toxicos-d12\/","title":{"rendered":"TRANSMISOR DE GASES T\u00d3XICOS Y COMBUSTIBLES D12"},"content":{"rendered":"","protected":false},"excerpt":{"rendered":"<p><strong>MARCA: ANALYTICAL TECHNOLOGY, INC<\/strong><\/p>\n<p><strong>MODELO: D12<\/strong><\/p>\n<p>Consiste en un transmisor electr\u00f3nico a prueba de explosiones y un sensor electroqu\u00edmico para gases t\u00f3xicos, combustibles y ox\u00edgeno, m\u00e1s una pantalla gr\u00e1fica LCD junto con indicaci\u00f3n de alarma y\u00a0 salida de 4- 20 mA.<\/p>\n<p><a href=\"https:\/\/instrutec.com.ar\/web\/wp-content\/uploads\/2025\/09\/D12_Literature.pdf\" target=\"_blank\" rel=\"noopener\">Ver cat\u00e1logo<\/a><\/p>\n","protected":false},"featured_media":1759,"template":"","meta":[],"product_cat":[336,233,243,244],"product_tag":[351,364,365,362,357,339],"class_list":{"0":"post-1797","1":"product","2":"type-product","3":"status-publish","4":"has-post-thumbnail","6":"product_cat-ambientales","7":"product_cat-analizadores-de-gases","8":"product_cat-gases-combustibles","9":"product_cat-gases-toxicos","10":"product_tag-gases","11":"product_tag-gases-ambientales","12":"product_tag-gases-combustibles","13":"product_tag-gases-toxicos","14":"product_tag-sensor","15":"product_tag-transmisor","16":"marca-ati","18":"first","19":"instock","20":"downloadable","21":"shipping-taxable","22":"product-type-simple"},"_links":{"self":[{"href":"https:\/\/instrutec.com.ar\/web\/wp-json\/wp\/v2\/product\/1797","targetHints":{"allow":["GET"]}}],"collection":[{"href":"https:\/\/instrutec.com.ar\/web\/wp-json\/wp\/v2\/product"}],"about":[{"href":"https:\/\/instrutec.com.ar\/web\/wp-json\/wp\/v2\/types\/product"}],"wp:featuredmedia":[{"embeddable":true,"href":"https:\/\/instrutec.com.ar\/web\/wp-json\/wp\/v2\/media\/1759"}],"wp:attachment":[{"href":"https:\/\/instrutec.com.ar\/web\/wp-json\/wp\/v2\/media?parent=1797"}],"wp:term":[{"taxonomy":"product_cat","embeddable":true,"href":"https:\/\/instrutec.com.ar\/web\/wp-json\/wp\/v2\/product_cat?post=1797"},{"taxonomy":"product_tag","embeddable":true,"href":"https:\/\/instrutec.com.ar\/web\/wp-json\/wp\/v2\/product_tag?post=1797"}],"curies":[{"name":"wp","href":"https:\/\/api.w.org\/{rel}","templated":true}]}}