{"id":1795,"date":"2019-08-07T18:04:25","date_gmt":"2019-08-07T18:04:25","guid":{"rendered":"http:\/\/166.62.89.205\/~instrutec\/?post_type=product&#038;p=1795"},"modified":"2025-09-16T16:50:21","modified_gmt":"2025-09-16T16:50:21","slug":"transmisor-de-gas-combustible-c12-17","status":"publish","type":"product","link":"https:\/\/instrutec.com.ar\/web\/product\/transmisor-de-gas-combustible-c12-17\/","title":{"rendered":"TRANSMISOR DE GAS COMBUSTIBLE C12-17"},"content":{"rendered":"","protected":false},"excerpt":{"rendered":"<p><strong>MARCA: ANALYTICAL TECHNOLOGY, INC<\/strong><\/p>\n<p><strong>MODELO: C12-17<\/strong><\/p>\n<p>Transmisor de gas independiente dise\u00f1ado para detectar concentraciones potencialmente peligrosas de gases combustibles en el aire. Posee un potenci\u00f3metro con ajuste de cero y amplitud de ajuste del punto de alarma del interruptor magn\u00e9tico.<\/p>\n<p><a href=\"http:\/\/instrutec.com.ar\/web\/wp-content\/uploads\/2019\/11\/Transmisor-de-Gases-Combustibles.-C12-17.pdf\" target=\"_blank\" rel=\"noopener\">Ver cat\u00e1logo<\/a><\/p>\n","protected":false},"featured_media":1758,"template":"","meta":[],"product_cat":[336,233,243],"product_tag":[352,353,350,351,339],"class_list":{"0":"post-1795","1":"product","2":"type-product","3":"status-publish","4":"has-post-thumbnail","6":"product_cat-ambientales","7":"product_cat-analizadores-de-gases","8":"product_cat-gases-combustibles","9":"product_tag-ambientales","10":"product_tag-combustibles","11":"product_tag-detector","12":"product_tag-gases","13":"product_tag-transmisor","14":"marca-ati","16":"first","17":"instock","18":"shipping-taxable","19":"product-type-simple"},"_links":{"self":[{"href":"https:\/\/instrutec.com.ar\/web\/wp-json\/wp\/v2\/product\/1795","targetHints":{"allow":["GET"]}}],"collection":[{"href":"https:\/\/instrutec.com.ar\/web\/wp-json\/wp\/v2\/product"}],"about":[{"href":"https:\/\/instrutec.com.ar\/web\/wp-json\/wp\/v2\/types\/product"}],"wp:featuredmedia":[{"embeddable":true,"href":"https:\/\/instrutec.com.ar\/web\/wp-json\/wp\/v2\/media\/1758"}],"wp:attachment":[{"href":"https:\/\/instrutec.com.ar\/web\/wp-json\/wp\/v2\/media?parent=1795"}],"wp:term":[{"taxonomy":"product_cat","embeddable":true,"href":"https:\/\/instrutec.com.ar\/web\/wp-json\/wp\/v2\/product_cat?post=1795"},{"taxonomy":"product_tag","embeddable":true,"href":"https:\/\/instrutec.com.ar\/web\/wp-json\/wp\/v2\/product_tag?post=1795"}],"curies":[{"name":"wp","href":"https:\/\/api.w.org\/{rel}","templated":true}]}}