{"id":1735,"date":"2019-08-07T15:20:31","date_gmt":"2019-08-07T15:20:31","guid":{"rendered":"http:\/\/166.62.89.205\/~instrutec\/?post_type=product&#038;p=1735"},"modified":"2025-09-29T13:28:27","modified_gmt":"2025-09-29T13:28:27","slug":"analizador-de-o2-electroquimico","status":"publish","type":"product","link":"https:\/\/instrutec.com.ar\/web\/product\/analizador-de-o2-electroquimico\/","title":{"rendered":"ANALIZADOR DE O2  ELECTROQUIMICO"},"content":{"rendered":"","protected":false},"excerpt":{"rendered":"<p><strong>MARCA: PANAMETRICS<\/strong><\/p>\n<p><strong>MODELO: DELTA F\u00a0 <\/strong><\/p>\n<p>Es un sensor intr\u00ednsecamente seguro, por lo que puede ser utilizado en \u00e1reas peligrosas. Cuenta con principio de medici\u00f3n electroqu\u00edmico sin agotamiento, con un rango de medici\u00f3n desde porcentajes hasta un m\u00ednimo de 5 ppb.<\/p>\n<p><a href=\"https:\/\/instrutec.com.ar\/web\/wp-content\/uploads\/2025\/09\/BHCS38800-Delta-F-Datasheet_R4.pdf\" target=\"_blank\" rel=\"noopener\">Ver cat\u00e1logo<\/a><\/p>\n","protected":false},"featured_media":1728,"template":"","meta":[],"product_cat":[233,235,344],"product_tag":[366,367,357],"class_list":{"0":"post-1735","1":"product","2":"type-product","3":"status-publish","4":"has-post-thumbnail","6":"product_cat-analizadores-de-gases","7":"product_cat-analizadores-de-o2","8":"product_cat-analizador-de-proceso","9":"product_tag-analizador-de-proceso","10":"product_tag-oxigeno","11":"product_tag-sensor","12":"marca-panametrics","14":"first","15":"instock","16":"shipping-taxable","17":"product-type-simple"},"_links":{"self":[{"href":"https:\/\/instrutec.com.ar\/web\/wp-json\/wp\/v2\/product\/1735","targetHints":{"allow":["GET"]}}],"collection":[{"href":"https:\/\/instrutec.com.ar\/web\/wp-json\/wp\/v2\/product"}],"about":[{"href":"https:\/\/instrutec.com.ar\/web\/wp-json\/wp\/v2\/types\/product"}],"wp:featuredmedia":[{"embeddable":true,"href":"https:\/\/instrutec.com.ar\/web\/wp-json\/wp\/v2\/media\/1728"}],"wp:attachment":[{"href":"https:\/\/instrutec.com.ar\/web\/wp-json\/wp\/v2\/media?parent=1735"}],"wp:term":[{"taxonomy":"product_cat","embeddable":true,"href":"https:\/\/instrutec.com.ar\/web\/wp-json\/wp\/v2\/product_cat?post=1735"},{"taxonomy":"product_tag","embeddable":true,"href":"https:\/\/instrutec.com.ar\/web\/wp-json\/wp\/v2\/product_tag?post=1735"}],"curies":[{"name":"wp","href":"https:\/\/api.w.org\/{rel}","templated":true}]}}