{"id":1733,"date":"2019-08-07T15:08:31","date_gmt":"2019-08-07T15:08:31","guid":{"rendered":"http:\/\/166.62.89.205\/~instrutec\/?post_type=product&#038;p=1733"},"modified":"2025-09-29T13:17:29","modified_gmt":"2025-09-29T13:17:29","slug":"analizador-transmisor-de-o2","status":"publish","type":"product","link":"https:\/\/instrutec.com.ar\/web\/product\/analizador-transmisor-de-o2\/","title":{"rendered":"ANALIZADOR \/ TRANSMISOR DE O2"},"content":{"rendered":"","protected":false},"excerpt":{"rendered":"<p><strong>MARCA: PANAMETRICS<\/strong><\/p>\n<p><strong>MODELO: XMO2pro<\/strong><\/p>\n<p>Es un equipo compacto y robusto para montaje en l\u00ednea. Utiliza sensores termoparamagn\u00e9ticos que proveen una medici\u00f3n estable.<\/p>\n<p><a href=\"https:\/\/instrutec.com.ar\/web\/wp-content\/uploads\/2025\/09\/XMO2pro_Datasheet_BHMADS05V11.pdf\" target=\"_blank\" rel=\"noopener\">Ver cat\u00e1logo<\/a><\/p>\n","protected":false},"featured_media":2568,"template":"","meta":[],"product_cat":[233,235,344],"product_tag":[356,366,367,339],"class_list":{"0":"post-1733","1":"product","2":"type-product","3":"status-publish","4":"has-post-thumbnail","6":"product_cat-analizadores-de-gases","7":"product_cat-analizadores-de-o2","8":"product_cat-analizador-de-proceso","9":"product_tag-analizador","10":"product_tag-analizador-de-proceso","11":"product_tag-oxigeno","12":"product_tag-transmisor","13":"marca-panametrics","15":"first","16":"instock","17":"shipping-taxable","18":"product-type-simple"},"_links":{"self":[{"href":"https:\/\/instrutec.com.ar\/web\/wp-json\/wp\/v2\/product\/1733","targetHints":{"allow":["GET"]}}],"collection":[{"href":"https:\/\/instrutec.com.ar\/web\/wp-json\/wp\/v2\/product"}],"about":[{"href":"https:\/\/instrutec.com.ar\/web\/wp-json\/wp\/v2\/types\/product"}],"wp:featuredmedia":[{"embeddable":true,"href":"https:\/\/instrutec.com.ar\/web\/wp-json\/wp\/v2\/media\/2568"}],"wp:attachment":[{"href":"https:\/\/instrutec.com.ar\/web\/wp-json\/wp\/v2\/media?parent=1733"}],"wp:term":[{"taxonomy":"product_cat","embeddable":true,"href":"https:\/\/instrutec.com.ar\/web\/wp-json\/wp\/v2\/product_cat?post=1733"},{"taxonomy":"product_tag","embeddable":true,"href":"https:\/\/instrutec.com.ar\/web\/wp-json\/wp\/v2\/product_tag?post=1733"}],"curies":[{"name":"wp","href":"https:\/\/api.w.org\/{rel}","templated":true}]}}